{"id":951,"date":"2024-07-31T13:12:10","date_gmt":"2024-07-31T13:12:10","guid":{"rendered":"https:\/\/network-earn.org\/?page_id=951"},"modified":"2025-01-02T10:04:50","modified_gmt":"2025-01-02T09:04:50","slug":"medina-cuadros-abogados-en","status":"publish","type":"page","link":"https:\/\/earn-network.eu\/start\/medina-cuadros-abogados-en\/","title":{"rendered":"Medina Cuadros Abogados English"},"content":{"rendered":"\n<h2 class=\"wp-block-heading has-text-align-center\">Medina&nbsp;Cuadros Abogados<\/h2>\n\n\n\n<div class=\"wp-block-columns is-layout-flex wp-container-core-columns-is-layout-9d6595d7 wp-block-columns-is-layout-flex\">\n<div class=\"wp-block-column is-layout-flow wp-block-column-is-layout-flow\">\n<p>Plaza del Marqu\u00e9s de Salamanca, 2. Bajo<br>28006\u00a0Madrid<br>Spain<\/p>\n<\/div>\n\n\n\n<div class=\"wp-block-column is-layout-flow wp-block-column-is-layout-flow\">\n<figure class=\"wp-block-image size-full\"><img decoding=\"async\" width=\"200\" height=\"119\" src=\"https:\/\/earn-network.eu\/wp-content\/uploads\/2024\/07\/mca.jpg\" alt=\"\" class=\"wp-image-904\"\/><\/figure>\n<\/div>\n\n\n\n<div class=\"wp-block-column is-layout-flow wp-block-column-is-layout-flow\"><\/div>\n<\/div>\n\n\n\n<p>Locations: Madrid, Ja\u00e9n, Granada and Mexico City<br>Contact:&nbsp;<a href=\"mailto:luissanchez@medinacuadros.es\">Luis S\u00e1nchez P\u00e9rez<\/a><\/p>\n\n\n\n<p>Phone +34 91 562 5323<br><a href=\"mailto:luissanchez@medinacuadros.es\">luissanchez@medinacuadros.es<\/a><br><a href=\"https:\/\/medinacuadrosabogados.com\/en\/\" target=\"_blank\" rel=\"noreferrer noopener\">https:\/\/medinacuadrosabogados.com\/en\/<\/a><br><br><strong>Description<\/strong><\/p>\n\n\n\n<p>A firm founded by a group of individuals with a same goal for the legal industry: managing our clients\u2019 legal affairs with professionalism, integrity, and honesty. Over the years, we have been privileged to assist hundreds of businesses and individuals. We aim to continue earning their trust in the years to come. We are honored to have supported thousands of companies and individuals over the years and look forward to earning their continued trust on the journey ahead.<\/p>\n\n\n\n<p><strong>History: <\/strong>Manuel Medina Gonz\u00e1lez, a businessman, founded the company in 1978 in Ja\u00e9n. After Amelia Cuadros Espinosa joined the company in 1986, it started a gradual national development, establishing its headquarters in Madrid in 1994.<\/p>\n\n\n\n<p><strong>Values: <\/strong>Many individuals and organizations turn to our company as their trusted legal resource, recognizing our unique values\u2014excellence, expertise, and commitment\u2014as the foundation for placing their confidence in us and advancing their interests. <\/p>\n\n\n\n<p><strong>Security: <\/strong>Confidence in our values translates into a strong commitment to safety in our processes. Our data processing is ISO 9001:2015 certified. and we were pioneers in obtaining, among others, the IMQ Covid-19 Restriction verification.<\/p>\n\n\n\n<p><strong>Agenda 2030: <\/strong>As a further element of our Corporate Social Responsibility program, we develop sustainable business practices that reaffirm our environmental commitment and ensure the protection of the environment.<br><br><\/p>\n\n\n\n<p><\/p>\n","protected":false},"excerpt":{"rendered":"<p>Medina&nbsp;Cuadros Abogados Plaza del Marqu\u00e9s de Salamanca, 2. Bajo28006\u00a0MadridSpain Locations: Madrid, Ja\u00e9n, Granada and Mexico CityContact:&nbsp;Luis S\u00e1nchez P\u00e9rez Phone +34 91 562 5323luissanchez@medinacuadros.eshttps:\/\/medinacuadrosabogados.com\/en\/ Description A firm founded by a group of individuals with a same goal for the legal industry: managing our clients\u2019 legal affairs with professionalism, integrity, and honesty. Over the years, we have [&hellip;]<\/p>\n","protected":false},"author":1,"featured_media":0,"parent":0,"menu_order":0,"comment_status":"closed","ping_status":"closed","template":"templates\/template-full-width.php","meta":{"footnotes":""},"class_list":["post-951","page","type-page","status-publish","hentry"],"rttpg_featured_image_url":null,"rttpg_author":{"display_name":"admin","author_link":"https:\/\/earn-network.eu\/start\/author\/admin\/"},"rttpg_comment":0,"rttpg_category":" <a href=\"https:\/\/earn-network.eu\/start\/\" rel=\"tag\">English<\/a>","rttpg_excerpt":"Medina&nbsp;Cuadros Abogados Plaza del Marqu\u00e9s de Salamanca, 2. Bajo28006\u00a0MadridSpain Locations: Madrid, Ja\u00e9n, Granada and Mexico CityContact:&nbsp;Luis S\u00e1nchez P\u00e9rez Phone +34 91 562 5323luissanchez@medinacuadros.eshttps:\/\/medinacuadrosabogados.com\/en\/ Description A firm founded by a group of individuals with a same goal for the legal industry: managing our clients\u2019 legal affairs with professionalism, integrity, and honesty. Over the years, we have&hellip;","_links":{"self":[{"href":"https:\/\/earn-network.eu\/start\/wp-json\/wp\/v2\/pages\/951","targetHints":{"allow":["GET"]}}],"collection":[{"href":"https:\/\/earn-network.eu\/start\/wp-json\/wp\/v2\/pages"}],"about":[{"href":"https:\/\/earn-network.eu\/start\/wp-json\/wp\/v2\/types\/page"}],"author":[{"embeddable":true,"href":"https:\/\/earn-network.eu\/start\/wp-json\/wp\/v2\/users\/1"}],"replies":[{"embeddable":true,"href":"https:\/\/earn-network.eu\/start\/wp-json\/wp\/v2\/comments?post=951"}],"version-history":[{"count":0,"href":"https:\/\/earn-network.eu\/start\/wp-json\/wp\/v2\/pages\/951\/revisions"}],"wp:attachment":[{"href":"https:\/\/earn-network.eu\/start\/wp-json\/wp\/v2\/media?parent=951"}],"curies":[{"name":"wp","href":"https:\/\/api.w.org\/{rel}","templated":true}]}}