{"id":902,"date":"2024-07-31T12:23:47","date_gmt":"2024-07-31T12:23:47","guid":{"rendered":"https:\/\/network-earn.org\/?page_id=902"},"modified":"2025-01-02T10:03:28","modified_gmt":"2025-01-02T09:03:28","slug":"medina-cuadros-abogados","status":"publish","type":"page","link":"https:\/\/earn-network.eu\/start\/medina-cuadros-abogados\/","title":{"rendered":"Medina Cuadros Abogados"},"content":{"rendered":"\n<h2 class=\"wp-block-heading has-text-align-center\">Medina&nbsp;Cuadros Abogados<\/h2>\n\n\n\n<div class=\"wp-block-columns is-layout-flex wp-container-core-columns-is-layout-9d6595d7 wp-block-columns-is-layout-flex\">\n<div class=\"wp-block-column is-layout-flow wp-block-column-is-layout-flow\">\n<p>Plaza del Marqu\u00e9s de Salamanca, 2. Bajo<br>28006\u00a0Madrid<br>Spanien<\/p>\n<\/div>\n\n\n\n<div class=\"wp-block-column is-layout-flow wp-block-column-is-layout-flow\">\n<figure class=\"wp-block-image size-full\"><img decoding=\"async\" width=\"200\" height=\"119\" src=\"https:\/\/earn-network.eu\/wp-content\/uploads\/2024\/07\/mca.jpg\" alt=\"\" class=\"wp-image-904\"\/><\/figure>\n<\/div>\n\n\n\n<div class=\"wp-block-column is-layout-flow wp-block-column-is-layout-flow\"><\/div>\n<\/div>\n\n\n\n<p>Standorte: Madrid, Ja\u00e9n, Granada und Mexico City<br>Kontakt:&nbsp;<a href=\"mailto:luissanchez@medinacuadros.es\">Luis S\u00e1nchez P\u00e9rez<\/a><\/p>\n\n\n\n<p>Telefon +34 91 562 5323<br><a href=\"mailto:luissanchez@medinacuadros.es\">luissanchez@medinacuadros.es<\/a><br><a href=\"http:\/\/www.medinacuadros.es\/\" target=\"_blank\" rel=\"noreferrer noopener\">https:\/\/www.medinacuadros.es<\/a><br><br><strong>Weitere Informationen<\/strong><\/p>\n\n\n\n<p>Die Kanzlei Medina Cuadros Abogados wurde mit dem Ziel gegr\u00fcndet, die rechtlichen Angelegenheiten unserer Kunden mit Professionalit\u00e4t, Integrit\u00e4t und Ehrlichkeit zu behandeln. Im Laufe der Jahre hatten wir das Privileg, Hunderte von Unternehmen und Privatpersonen zu unterst\u00fctzen. Unser Ziel auch in den kommenden Jahren ist es, ihr Vertrauen zu gewinnen. Wir f\u00fchlen uns geehrt, dass wir im Laufe der Jahre Tausenden von Unternehmen und Privatpersonen helfen konnten, und hoffen, dass wir auch in Zukunft ihrem Vertrauen gerecht werden k\u00f6nnen.<\/p>\n\n\n\n<p><strong>Geschichte<\/strong>: Manuel Medina Gonz\u00e1lez, ein Gesch\u00e4ftsmann, gr\u00fcndete das Unternehmen 1978 in Ja\u00e9n. Nachdem Amelia Cuadros Espinosa 1986 in das Unternehmen eingetreten war, begann eine schrittweise Entwicklung auf nationaler Ebene. 1994 wurde der Hauptsitz in Madrid eingerichtet.<\/p>\n\n\n\n<p><strong>Werte<\/strong>: Viele Unternehmen und Privatpersonen wenden sich heute an unsere Kanzlei, weil sie unsere Werte &#8211; Exzellenz, Fachwissen und Engagement &#8211; als eine einzigartige Kombination betrachten, die es ihnen erm\u00f6glicht, ihr Vertrauen in uns zu investieren und ihre Interessen zu f\u00f6rdern.<\/p>\n\n\n\n<p><strong>Sicherheit<\/strong>: Das Vertrauen in unsere Werte verwandelt sich in eine feste Verpflichtung zur Sicherheit in unseren Prozessen. Die Datenverarbeitung ist nach ISO 9001:2015 zertifiziert, und wir waren Pioniere bei der Erlangung der IMQ Covid-19 Einschr\u00e4nkungspr\u00fcfung.<\/p>\n\n\n\n<p><strong>Agenda 2030<\/strong>: Als weiteres Element unseres Unternehmensverantwortungsprogramms (<em>Corporate Social Responsibility program<\/em>) entwickeln wir nachhaltige Gesch\u00e4ftspraktiken, die unser Engagement f\u00fcr die Umwelt bekr\u00e4ftigen und den Schutz der Umwelt sicherstellen.<\/p>\n\n\n\n<p><\/p>\n","protected":false},"excerpt":{"rendered":"<p>Medina&nbsp;Cuadros Abogados Plaza del Marqu\u00e9s de Salamanca, 2. Bajo28006\u00a0MadridSpanien Standorte: Madrid, Ja\u00e9n, Granada und Mexico CityKontakt:&nbsp;Luis S\u00e1nchez P\u00e9rez Telefon +34 91 562 5323luissanchez@medinacuadros.eshttps:\/\/www.medinacuadros.es Weitere Informationen Die Kanzlei Medina Cuadros Abogados wurde mit dem Ziel gegr\u00fcndet, die rechtlichen Angelegenheiten unserer Kunden mit Professionalit\u00e4t, Integrit\u00e4t und Ehrlichkeit zu behandeln. Im Laufe der Jahre hatten wir das Privileg, [&hellip;]<\/p>\n","protected":false},"author":1,"featured_media":0,"parent":0,"menu_order":0,"comment_status":"closed","ping_status":"closed","template":"templates\/template-full-width.php","meta":{"footnotes":""},"class_list":["post-902","page","type-page","status-publish","hentry"],"rttpg_featured_image_url":null,"rttpg_author":{"display_name":"admin","author_link":"https:\/\/earn-network.eu\/start\/author\/admin\/"},"rttpg_comment":0,"rttpg_category":" <a href=\"https:\/\/earn-network.eu\/start\/de\/\" rel=\"tag\">Deutsch<\/a>","rttpg_excerpt":"Medina&nbsp;Cuadros Abogados Plaza del Marqu\u00e9s de Salamanca, 2. Bajo28006\u00a0MadridSpanien Standorte: Madrid, Ja\u00e9n, Granada und Mexico CityKontakt:&nbsp;Luis S\u00e1nchez P\u00e9rez Telefon +34 91 562 5323luissanchez@medinacuadros.eshttps:\/\/www.medinacuadros.es Weitere Informationen Die Kanzlei Medina Cuadros Abogados wurde mit dem Ziel gegr\u00fcndet, die rechtlichen Angelegenheiten unserer Kunden mit Professionalit\u00e4t, Integrit\u00e4t und Ehrlichkeit zu behandeln. Im Laufe der Jahre hatten wir das Privileg,&hellip;","_links":{"self":[{"href":"https:\/\/earn-network.eu\/start\/wp-json\/wp\/v2\/pages\/902","targetHints":{"allow":["GET"]}}],"collection":[{"href":"https:\/\/earn-network.eu\/start\/wp-json\/wp\/v2\/pages"}],"about":[{"href":"https:\/\/earn-network.eu\/start\/wp-json\/wp\/v2\/types\/page"}],"author":[{"embeddable":true,"href":"https:\/\/earn-network.eu\/start\/wp-json\/wp\/v2\/users\/1"}],"replies":[{"embeddable":true,"href":"https:\/\/earn-network.eu\/start\/wp-json\/wp\/v2\/comments?post=902"}],"version-history":[{"count":0,"href":"https:\/\/earn-network.eu\/start\/wp-json\/wp\/v2\/pages\/902\/revisions"}],"wp:attachment":[{"href":"https:\/\/earn-network.eu\/start\/wp-json\/wp\/v2\/media?parent=902"}],"curies":[{"name":"wp","href":"https:\/\/api.w.org\/{rel}","templated":true}]}}