{"id":896,"date":"2024-07-31T12:21:19","date_gmt":"2024-07-31T12:21:19","guid":{"rendered":"https:\/\/network-earn.org\/?page_id=896"},"modified":"2025-05-07T16:55:47","modified_gmt":"2025-05-07T14:55:47","slug":"dein-advogados","status":"publish","type":"page","link":"https:\/\/earn-network.eu\/start\/dein-advogados\/","title":{"rendered":"DEIN ADVOGADOS"},"content":{"rendered":"\t\t<div data-elementor-type=\"wp-page\" data-elementor-id=\"896\" class=\"elementor elementor-896\" data-elementor-post-type=\"page\">\n\t\t\t\t<div class=\"elementor-element elementor-element-3af92cd6 e-flex e-con-boxed e-con e-parent\" data-id=\"3af92cd6\" data-element_type=\"container\" data-e-type=\"container\">\n\t\t\t\t\t<div class=\"e-con-inner\">\n\t\t\t\t<div class=\"elementor-element elementor-element-65e840fd elementor-widget elementor-widget-text-editor\" data-id=\"65e840fd\" data-element_type=\"widget\" data-e-type=\"widget\" data-widget_type=\"text-editor.default\">\n\t\t\t\t<div class=\"elementor-widget-container\">\n\t\t\t\t\t\t\t\t\t\n<h2 class=\"wp-block-heading has-text-align-center\">DEIN ADVOGADOS<\/h2>\n\n<div class=\"wp-block-columns is-layout-flex wp-container-core-columns-is-layout-9d6595d7 wp-block-columns-is-layout-flex\">\n<div class=\"wp-block-column is-layout-flow wp-block-column-is-layout-flow\">\n<p>Rua Castilho, 1 &#8211; 5\u00ba Esq.<br \/>1250-066 Lissabon<br \/>Portugal<\/p>\n<\/div>\n\n<div class=\"wp-block-column is-layout-flow wp-block-column-is-layout-flow\">\n<figure class=\"wp-block-image size-full\"><img decoding=\"async\" width=\"320\" height=\"120\" class=\"wp-image-898\" src=\"https:\/\/earn-network.eu\/wp-content\/uploads\/2024\/07\/deinadvogados.jpg\" alt=\"\" srcset=\"https:\/\/earn-network.eu\/wp-content\/uploads\/2024\/07\/deinadvogados.jpg 320w, https:\/\/earn-network.eu\/wp-content\/uploads\/2024\/07\/deinadvogados-300x113.jpg 300w\" sizes=\"(max-width: 320px) 100vw, 320px\" \/><\/figure>\n<\/div>\n\n<div class=\"wp-block-column is-layout-flow wp-block-column-is-layout-flow\">\u00a0<\/div>\n<\/div>\n\n<p>Standorte: Lissabon<br \/>Kontakt: <a href=\"mailto:dein@dein.pt\">Christina Dein<\/a><\/p>\n\n<p>Telefon +351-21-388.40.95<br \/>Fax +351-21-388.19.55<br \/><a href=\"mailto:dein@dein.pt\" target=\"_blank\" rel=\"noreferrer noopener\">dein@dein.pt<\/a><br \/><a href=\"http:\/\/www.dein.pt\/de\/\" target=\"_blank\" rel=\"noreferrer noopener\">https:\/\/www.dein.pt\/de\/<\/a><br \/><br \/><strong>Weitere Informationen<\/strong><\/p>\n\n<p>Dein Advogados konzentriert sich neben der Prozessf\u00fchrung auf den internationalen Handel und begleitet Gesch\u00e4ftsverhandlungen zwischen Unternehmen. \u00dcber das Wirtschafts- und Handelsrecht hinaus verf\u00fcgt die Lissaboner Kanzlei auch \u00fcber langj\u00e4hrige Erfahrung im Bereich des internationalen Privatrechts. Einen besonderen Schwerpunkt legen Cristina Dein und ihr Team bei allen Rechtsgebieten auf die bilateralen Beziehungen zu deutschsprachigen L\u00e4ndern.<\/p>\n\n<p>Mit dem \u201eGerman Desk\u201c und dem \u201eLegal Auditing Desk\u201c werden Mandanten weitreichende beratende und begutachtende Rechtsdienstleistungen angeboten.<br \/><br \/>Um hervorragende Leistungen sicherzustellen, legt Dein Advogados gro\u00dfen Wert auf beharrliche Arbeit und ein angemessenes Kosten\/Effizienz-Verh\u00e4ltnis. Dabei setzt die Kanzlei auf engagierte, mehrsprachige Mitarbeiter.<br \/><br \/>Die Rechtsanw\u00e4lte sind an jedem portugiesischen Gericht zugelassen. Geografische Beschr\u00e4nkungen der Anwaltszulassung gibt es in Portugal nicht.<\/p>\n\t\t\t\t\t\t\t\t<\/div>\n\t\t\t\t<\/div>\n\t\t\t\t\t<\/div>\n\t\t\t\t<\/div>\n\t\t\t\t<\/div>\n\t\t","protected":false},"excerpt":{"rendered":"<p>DEIN ADVOGADOS Rua Castilho, 1 &#8211; 5\u00ba Esq.1250-066 LissabonPortugal \u00a0 Standorte: LissabonKontakt: Christina Dein Telefon +351-21-388.40.95Fax +351-21-388.19.55dein@dein.pthttps:\/\/www.dein.pt\/de\/ Weitere Informationen Dein Advogados konzentriert sich neben der Prozessf\u00fchrung auf den internationalen Handel und begleitet Gesch\u00e4ftsverhandlungen zwischen Unternehmen. \u00dcber das Wirtschafts- und Handelsrecht hinaus verf\u00fcgt die Lissaboner Kanzlei auch \u00fcber langj\u00e4hrige Erfahrung im Bereich des internationalen Privatrechts. Einen [&hellip;]<\/p>\n","protected":false},"author":1,"featured_media":0,"parent":0,"menu_order":0,"comment_status":"closed","ping_status":"closed","template":"templates\/template-full-width.php","meta":{"footnotes":""},"class_list":["post-896","page","type-page","status-publish","hentry"],"rttpg_featured_image_url":null,"rttpg_author":{"display_name":"admin","author_link":"https:\/\/earn-network.eu\/start\/author\/admin\/"},"rttpg_comment":0,"rttpg_category":" <a href=\"https:\/\/earn-network.eu\/start\/de\/\" rel=\"tag\">Deutsch<\/a>","rttpg_excerpt":"DEIN ADVOGADOS Rua Castilho, 1 &#8211; 5\u00ba Esq.1250-066 LissabonPortugal \u00a0 Standorte: LissabonKontakt: Christina Dein Telefon +351-21-388.40.95Fax +351-21-388.19.55dein@dein.pthttps:\/\/www.dein.pt\/de\/ Weitere Informationen Dein Advogados konzentriert sich neben der Prozessf\u00fchrung auf den internationalen Handel und begleitet Gesch\u00e4ftsverhandlungen zwischen Unternehmen. \u00dcber das Wirtschafts- und Handelsrecht hinaus verf\u00fcgt die Lissaboner Kanzlei auch \u00fcber langj\u00e4hrige Erfahrung im Bereich des internationalen Privatrechts. Einen&hellip;","_links":{"self":[{"href":"https:\/\/earn-network.eu\/start\/wp-json\/wp\/v2\/pages\/896","targetHints":{"allow":["GET"]}}],"collection":[{"href":"https:\/\/earn-network.eu\/start\/wp-json\/wp\/v2\/pages"}],"about":[{"href":"https:\/\/earn-network.eu\/start\/wp-json\/wp\/v2\/types\/page"}],"author":[{"embeddable":true,"href":"https:\/\/earn-network.eu\/start\/wp-json\/wp\/v2\/users\/1"}],"replies":[{"embeddable":true,"href":"https:\/\/earn-network.eu\/start\/wp-json\/wp\/v2\/comments?post=896"}],"version-history":[{"count":0,"href":"https:\/\/earn-network.eu\/start\/wp-json\/wp\/v2\/pages\/896\/revisions"}],"wp:attachment":[{"href":"https:\/\/earn-network.eu\/start\/wp-json\/wp\/v2\/media?parent=896"}],"curies":[{"name":"wp","href":"https:\/\/api.w.org\/{rel}","templated":true}]}}