{"id":878,"date":"2024-07-31T12:10:12","date_gmt":"2024-07-31T12:10:12","guid":{"rendered":"https:\/\/network-earn.org\/?page_id=878"},"modified":"2024-11-27T12:16:18","modified_gmt":"2024-11-27T11:16:18","slug":"damste-advocaten-notarissen","status":"publish","type":"page","link":"https:\/\/earn-network.eu\/start\/damste-advocaten-notarissen\/","title":{"rendered":"Damst\u00e9 advocaten &#8211; notarissen"},"content":{"rendered":"\t\t<div data-elementor-type=\"wp-page\" data-elementor-id=\"878\" class=\"elementor elementor-878\" data-elementor-post-type=\"page\">\n\t\t\t\t<div class=\"elementor-element elementor-element-4a311712 e-flex e-con-boxed e-con e-parent\" data-id=\"4a311712\" data-element_type=\"container\" data-e-type=\"container\">\n\t\t\t\t\t<div class=\"e-con-inner\">\n\t\t\t\t<div class=\"elementor-element elementor-element-4b201ec elementor-widget elementor-widget-text-editor\" data-id=\"4b201ec\" data-element_type=\"widget\" data-e-type=\"widget\" data-widget_type=\"text-editor.default\">\n\t\t\t\t<div class=\"elementor-widget-container\">\n\t\t\t\t\t\t\t\t\t<h2 class=\"wp-block-heading has-text-align-center\">Damst\u00e9\u00a0advocaten &#8211; notarissen<\/h2>\t\t\t\t\t\t\t\t<\/div>\n\t\t\t\t<\/div>\n\t\t\t\t\t<\/div>\n\t\t\t\t<\/div>\n\t\t<div class=\"elementor-element elementor-element-0d9293b e-grid e-con-boxed e-con e-parent\" data-id=\"0d9293b\" data-element_type=\"container\" data-e-type=\"container\">\n\t\t\t\t\t<div class=\"e-con-inner\">\n\t\t\t\t<div class=\"elementor-element elementor-element-3bf6fee elementor-widget elementor-widget-text-editor\" data-id=\"3bf6fee\" data-element_type=\"widget\" data-e-type=\"widget\" data-widget_type=\"text-editor.default\">\n\t\t\t\t<div class=\"elementor-widget-container\">\n\t\t\t\t\t\t\t\t\t<p>Niederlassung Enschede Anwalts- und Notarkanzlei<br \/>Hengelosestraat 571, <br \/>7500 AC Enschede<br \/>Niederlande<br \/>Telefon +31 (0)88 246 88 00<br \/><a href=\"mailto:enschede@damste.nl\">enschede@damste.nl<\/a><\/p>\t\t\t\t\t\t\t\t<\/div>\n\t\t\t\t<\/div>\n\t\t\t\t<div class=\"elementor-element elementor-element-c3d05e0 elementor-widget elementor-widget-image\" data-id=\"c3d05e0\" data-element_type=\"widget\" data-e-type=\"widget\" data-widget_type=\"image.default\">\n\t\t\t\t<div class=\"elementor-widget-container\">\n\t\t\t\t\t\t\t\t\t\t\t\t\t\t\t<img decoding=\"async\" width=\"259\" height=\"97\" src=\"https:\/\/earn-network.eu\/wp-content\/uploads\/2024\/07\/damste.jpg\" class=\"attachment-large size-large wp-image-881\" alt=\"\" \/>\t\t\t\t\t\t\t\t\t\t\t\t\t\t\t<\/div>\n\t\t\t\t<\/div>\n\t\t\t\t<div class=\"elementor-element elementor-element-2325186 elementor-widget elementor-widget-text-editor\" data-id=\"2325186\" data-element_type=\"widget\" data-e-type=\"widget\" data-widget_type=\"text-editor.default\">\n\t\t\t\t<div class=\"elementor-widget-container\">\n\t\t\t\t\t\t\t\t\t<p>Niederlassung Amsterdam Anwalts- und Notarkanzlei<br \/>Prins Bernhardplein 200, <br \/>1097 JB Amsterdam<br \/>Niederlande<br \/>Telefon +31 (0)88 246 88 00<br \/><a href=\"mailto:amsterdam@damste.nl\">amsterdam@damste.nl<\/a><\/p>\t\t\t\t\t\t\t\t<\/div>\n\t\t\t\t<\/div>\n\t\t\t\t<div class=\"elementor-element elementor-element-209f42d elementor-widget elementor-widget-text-editor\" data-id=\"209f42d\" data-element_type=\"widget\" data-e-type=\"widget\" data-widget_type=\"text-editor.default\">\n\t\t\t\t<div class=\"elementor-widget-container\">\n\t\t\t\t\t\t\t\t\t<p>Niederlassung Hengelo Notare<br \/>Beursstraat 1b<br \/>7551 HP Hengelo<br \/>Niederlande<br \/>Telefon+31 (074) 291 12 22<br \/><a href=\"mailto:hengelo@damste.nl\">hengelo@damste.nl<\/a><\/p>\t\t\t\t\t\t\t\t<\/div>\n\t\t\t\t<\/div>\n\t\t\t\t\t<\/div>\n\t\t\t\t<\/div>\n\t\t<div class=\"elementor-element elementor-element-b7739e1 e-flex e-con-boxed e-con e-parent\" data-id=\"b7739e1\" data-element_type=\"container\" data-e-type=\"container\">\n\t\t\t\t\t<div class=\"e-con-inner\">\n\t\t\t\t<div class=\"elementor-element elementor-element-2da0792 elementor-widget elementor-widget-text-editor\" data-id=\"2da0792\" data-element_type=\"widget\" data-e-type=\"widget\" data-widget_type=\"text-editor.default\">\n\t\t\t\t<div class=\"elementor-widget-container\">\n\t\t\t\t\t\t\t\t\t<p>Standorte: Enschede, Amsterdam<br \/>Kontakt:\u00a0<a href=\"mailto:hoffmann@damste.nl\">Irith Hoffmann<\/a><\/p>\n<p><!-- \/wp:paragraph --><!-- wp:paragraph --><\/p>\n<p>Telefon +31 53 484 00 00<br \/>Fax +31 53 484 00 99<br \/><a href=\"mailto:hoffmann@damste.nl\">hoffmann@damste.nl<\/a><br \/><a href=\"http:\/\/www.damste.nl\/\" target=\"_blank\" rel=\"noreferrer noopener\">https:\/\/www.damste.nl<\/a><br \/><br \/><strong>Weitere Informationen<\/strong><\/p>\n<p><!-- \/wp:paragraph --><!-- wp:paragraph --><\/p>\n<p>Damst\u00e9 Rechtsanw\u00e4lte \u2013 Notare ist mit seinen B\u00fcros in Enschede, Hengelo und Amsterdam eine der gr\u00f6\u00dften Kanzleien in den Niederlanden. Ihre Gr\u00f6\u00dfe erm\u00f6glicht es Damst\u00e9, Spezialisten in fast jedem Rechtsgebiet anzubieten. Dar\u00fcber hinaus ist Damst\u00e9 Teil des lokalen Netzwerks und verf\u00fcgt \u00fcber fundierte Kenntnisse des regionalen Marktes. Kompetenz ist somit immer garantiert.<\/p>\n<p>Rund 180 hochmotivierte Mitarbeiter, darunter 60 Rechtsanw\u00e4lte und 10 Notare, sind in den drei B\u00fcros von Damst\u00e9 in den folgenden Rechtsgebieten t\u00e4tig: Arbeitsrecht, Handelsrecht, Familienrecht, Immobilienrecht, Verwaltungsrecht, Insolvenzrecht, Personenschadenrecht und Strafrecht.<\/p>\t\t\t\t\t\t\t\t<\/div>\n\t\t\t\t<\/div>\n\t\t\t\t\t<\/div>\n\t\t\t\t<\/div>\n\t\t\t\t<\/div>\n\t\t","protected":false},"excerpt":{"rendered":"<p>Damst\u00e9\u00a0advocaten &#8211; notarissen Niederlassung Enschede Anwalts- und NotarkanzleiHengelosestraat 571, 7500 AC EnschedeNiederlandeTelefon +31 (0)88 246 88 00enschede@damste.nl Niederlassung Amsterdam Anwalts- und NotarkanzleiPrins Bernhardplein 200, 1097 JB AmsterdamNiederlandeTelefon +31 (0)88 246 88 00amsterdam@damste.nl Niederlassung Hengelo NotareBeursstraat 1b7551 HP HengeloNiederlandeTelefon+31 (074) 291 12 22hengelo@damste.nl Standorte: Enschede, AmsterdamKontakt:\u00a0Irith Hoffmann Telefon +31 53 484 00 00Fax +31 53 484 [&hellip;]<\/p>\n","protected":false},"author":1,"featured_media":0,"parent":0,"menu_order":0,"comment_status":"closed","ping_status":"closed","template":"templates\/template-full-width.php","meta":{"footnotes":""},"class_list":["post-878","page","type-page","status-publish","hentry"],"rttpg_featured_image_url":null,"rttpg_author":{"display_name":"admin","author_link":"https:\/\/earn-network.eu\/start\/author\/admin\/"},"rttpg_comment":0,"rttpg_category":" <a href=\"https:\/\/earn-network.eu\/start\/de\/\" rel=\"tag\">Deutsch<\/a>","rttpg_excerpt":"Damst\u00e9\u00a0advocaten &#8211; notarissen Niederlassung Enschede Anwalts- und NotarkanzleiHengelosestraat 571, 7500 AC EnschedeNiederlandeTelefon +31 (0)88 246 88 00enschede@damste.nl Niederlassung Amsterdam Anwalts- und NotarkanzleiPrins Bernhardplein 200, 1097 JB AmsterdamNiederlandeTelefon +31 (0)88 246 88 00amsterdam@damste.nl Niederlassung Hengelo NotareBeursstraat 1b7551 HP HengeloNiederlandeTelefon+31 (074) 291 12 22hengelo@damste.nl Standorte: Enschede, AmsterdamKontakt:\u00a0Irith Hoffmann Telefon +31 53 484 00 00Fax +31 53 484&hellip;","_links":{"self":[{"href":"https:\/\/earn-network.eu\/start\/wp-json\/wp\/v2\/pages\/878","targetHints":{"allow":["GET"]}}],"collection":[{"href":"https:\/\/earn-network.eu\/start\/wp-json\/wp\/v2\/pages"}],"about":[{"href":"https:\/\/earn-network.eu\/start\/wp-json\/wp\/v2\/types\/page"}],"author":[{"embeddable":true,"href":"https:\/\/earn-network.eu\/start\/wp-json\/wp\/v2\/users\/1"}],"replies":[{"embeddable":true,"href":"https:\/\/earn-network.eu\/start\/wp-json\/wp\/v2\/comments?post=878"}],"version-history":[{"count":0,"href":"https:\/\/earn-network.eu\/start\/wp-json\/wp\/v2\/pages\/878\/revisions"}],"wp:attachment":[{"href":"https:\/\/earn-network.eu\/start\/wp-json\/wp\/v2\/media?parent=878"}],"curies":[{"name":"wp","href":"https:\/\/api.w.org\/{rel}","templated":true}]}}