{"id":870,"date":"2024-07-31T12:05:10","date_gmt":"2024-07-31T12:05:10","guid":{"rendered":"https:\/\/network-earn.org\/?page_id=870"},"modified":"2024-10-29T15:32:11","modified_gmt":"2024-10-29T14:32:11","slug":"etude-anne-marie-schmit","status":"publish","type":"page","link":"https:\/\/earn-network.eu\/start\/etude-anne-marie-schmit\/","title":{"rendered":"ETUDE ANNE-MARIE SCHMIT"},"content":{"rendered":"\n<h2 class=\"wp-block-heading has-text-align-center\">ETUDE&nbsp;ANNE-MARIE SCHMIT<\/h2>\n\n\n\n<div class=\"wp-block-columns is-layout-flex wp-container-core-columns-is-layout-9d6595d7 wp-block-columns-is-layout-flex\">\n<div class=\"wp-block-column is-layout-flow wp-block-column-is-layout-flow\">\n<p>11, boulevard Prince Henri<br>1724&nbsp;Luxemburg<br>Luxemburg<\/p>\n<\/div>\n\n\n\n<div class=\"wp-block-column is-layout-flow wp-block-column-is-layout-flow\">\n<figure class=\"wp-block-image size-full\"><img decoding=\"async\" width=\"200\" height=\"95\" src=\"https:\/\/earn-network.eu\/wp-content\/uploads\/2024\/07\/schmit.gif\" alt=\"\" class=\"wp-image-872\"\/><\/figure>\n<\/div>\n\n\n\n<div class=\"wp-block-column is-layout-flow wp-block-column-is-layout-flow\"><\/div>\n<\/div>\n\n\n\n<p>Standorte: Luxemburg<br>Kontakt:&nbsp;<a href=\"mailto:amschmit@pt.lu\">Anne-Marie SCHMIT<\/a><\/p>\n\n\n\n<p>Telefon +352 47 32 01<br>Fax&nbsp;+352 46 10 51<br><a href=\"https:\/\/www.etudeamschmit.lu\" target=\"_blank\" rel=\"noreferrer noopener\">https:\/\/www.etudeamschmit.lu<\/a><br><br><strong>Weitere Informationen<\/strong><\/p>\n\n\n\n<p>Die 1997 gegr\u00fcndete Anwaltskanzlei Anne-Marie Schmit bietet umfangreiche Erfahrung in verschiedenen Rechtsgebieten und ausgezeichnete Fachkompetenzen. Die Kanzlei zeichnet sich insbesondere durch hervorragende Teamarbeit, hochqualifizierte Rechtsberatung und -vertretung sowie eine hohe Kundenzufriedenheit aus. Dar\u00fcber hinaus hat die Kanzlei einen sehr guten Ruf, und alle ehemaligen Sozien machen erfolgreich Karriere im \u00f6ffentlichen Sektor oder gr\u00fcnden ihre eigenen Kanzleien. Die Sprachenvielfalt des Gro\u00dfherzogtums Luxemburg spiegelt sich dabei in der Kanzlei wider. Die Associates verf\u00fcgen \u00fcber ausgezeichnete Sprachkenntnisse in Luxemburgisch sowie in Deutsch, Franz\u00f6sisch, Englisch und Portugiesisch und sind daher in der Lage, m\u00f6gliche Sprachbarrieren leicht zu \u00fcberwinden.<\/p>\n\n\n\n<p><strong>Landesspezifische Informationen \/ Besonderheiten der nationalen Gerichtsverfahren<\/strong><\/p>\n\n\n\n<p>Das Gro\u00dfherzogtum Luxemburg ist in zwei gro\u00dfe Gerichtsbezirke unterteilt, Luxemburg und Diekirch. Jeder Bezirk hat sein Bezirksgericht, das eine allgemeine und umfassende Zust\u00e4ndigkeit f\u00fcr Zivil-, Handels- und Strafsachen mit einem Wert von \u00fcber 15.000 Euro sowie f\u00fcr Strafsachen hat. Jeder Bezirk verf\u00fcgt \u00fcber ein Jugendgericht.<\/p>\n\n\n\n<p>Im Gro\u00dfherzogtum Luxemburg gibt es drei \u201euntergeordnete Gerichte\u201c, die eine gewisse ausschlie\u00dfliche Zust\u00e4ndigkeit f\u00fcr Angelegenheiten mit einem Streitwert unter 15.000 Euro haben. Diese Bezirksgerichte befinden sich in der Hauptstadt Luxemburgs, in Diekirch und in Esch-sur-Alzette. Gegen ihre Entscheidungen k\u00f6nnen Rechtsmittel bei den Bezirksgerichten eingelegt werden.<\/p>\n\n\n\n<p>Der Oberste Gerichtshof hat seinen Sitz in der Hauptstadt. Er umfasst das Berufungsgericht und die \u201e<em>Cour de cassation\u201c.<\/em> Au\u00dferdem gibt es in Luxemburg einen Verwaltungsgerichtshof und einen Verfassungsgerichtshof.<\/p>\n\n\n\n<p>Man kann in den drei Amtssprachen des Gro\u00dfherzogtums pl\u00e4dieren, d.h. in Franz\u00f6sisch, Deutsch und Luxemburgisch. Klagen, Schlussfolgerungen und Urteile werden jedoch traditionell in franz\u00f6sischer Sprache verfasst.<\/p>\n\n\n\n<p><\/p>\n","protected":false},"excerpt":{"rendered":"<p>ETUDE&nbsp;ANNE-MARIE SCHMIT 11, boulevard Prince Henri1724&nbsp;LuxemburgLuxemburg Standorte: LuxemburgKontakt:&nbsp;Anne-Marie SCHMIT Telefon +352 47 32 01Fax&nbsp;+352 46 10 51https:\/\/www.etudeamschmit.lu Weitere Informationen Die 1997 gegr\u00fcndete Anwaltskanzlei Anne-Marie Schmit bietet umfangreiche Erfahrung in verschiedenen Rechtsgebieten und ausgezeichnete Fachkompetenzen. Die Kanzlei zeichnet sich insbesondere durch hervorragende Teamarbeit, hochqualifizierte Rechtsberatung und -vertretung sowie eine hohe Kundenzufriedenheit aus. Dar\u00fcber hinaus hat die [&hellip;]<\/p>\n","protected":false},"author":1,"featured_media":0,"parent":0,"menu_order":0,"comment_status":"closed","ping_status":"closed","template":"templates\/template-full-width.php","meta":{"footnotes":""},"class_list":["post-870","page","type-page","status-publish","hentry"],"rttpg_featured_image_url":null,"rttpg_author":{"display_name":"admin","author_link":"https:\/\/earn-network.eu\/start\/author\/admin\/"},"rttpg_comment":0,"rttpg_category":" <a href=\"https:\/\/earn-network.eu\/start\/de\/\" rel=\"tag\">Deutsch<\/a>","rttpg_excerpt":"ETUDE&nbsp;ANNE-MARIE SCHMIT 11, boulevard Prince Henri1724&nbsp;LuxemburgLuxemburg Standorte: LuxemburgKontakt:&nbsp;Anne-Marie SCHMIT Telefon +352 47 32 01Fax&nbsp;+352 46 10 51https:\/\/www.etudeamschmit.lu Weitere Informationen Die 1997 gegr\u00fcndete Anwaltskanzlei Anne-Marie Schmit bietet umfangreiche Erfahrung in verschiedenen Rechtsgebieten und ausgezeichnete Fachkompetenzen. Die Kanzlei zeichnet sich insbesondere durch hervorragende Teamarbeit, hochqualifizierte Rechtsberatung und -vertretung sowie eine hohe Kundenzufriedenheit aus. Dar\u00fcber hinaus hat die&hellip;","_links":{"self":[{"href":"https:\/\/earn-network.eu\/start\/wp-json\/wp\/v2\/pages\/870","targetHints":{"allow":["GET"]}}],"collection":[{"href":"https:\/\/earn-network.eu\/start\/wp-json\/wp\/v2\/pages"}],"about":[{"href":"https:\/\/earn-network.eu\/start\/wp-json\/wp\/v2\/types\/page"}],"author":[{"embeddable":true,"href":"https:\/\/earn-network.eu\/start\/wp-json\/wp\/v2\/users\/1"}],"replies":[{"embeddable":true,"href":"https:\/\/earn-network.eu\/start\/wp-json\/wp\/v2\/comments?post=870"}],"version-history":[{"count":0,"href":"https:\/\/earn-network.eu\/start\/wp-json\/wp\/v2\/pages\/870\/revisions"}],"wp:attachment":[{"href":"https:\/\/earn-network.eu\/start\/wp-json\/wp\/v2\/media?parent=870"}],"curies":[{"name":"wp","href":"https:\/\/api.w.org\/{rel}","templated":true}]}}