{"id":847,"date":"2024-07-31T11:02:43","date_gmt":"2024-07-31T11:02:43","guid":{"rendered":"https:\/\/network-earn.org\/?page_id=847"},"modified":"2024-10-14T19:23:58","modified_gmt":"2024-10-14T19:23:58","slug":"room-avocats","status":"publish","type":"page","link":"https:\/\/earn-network.eu\/start\/room-avocats\/","title":{"rendered":"Room Avocats"},"content":{"rendered":"\n<h2 class=\"wp-block-heading has-text-align-center\">Room&nbsp;Avocats<\/h2>\n\n\n\n<div class=\"wp-block-columns is-layout-flex wp-container-core-columns-is-layout-9d6595d7 wp-block-columns-is-layout-flex\">\n<div class=\"wp-block-column is-layout-flow wp-block-column-is-layout-flow\">\n<p>9, rue Anatole de La Forge<br>75017&nbsp;Paris<br>Frankreich<\/p>\n<\/div>\n\n\n\n<div class=\"wp-block-column is-layout-flow wp-block-column-is-layout-flow\">\n<figure class=\"wp-block-image size-full\"><img decoding=\"async\" width=\"242\" height=\"32\" src=\"https:\/\/earn-network.eu\/wp-content\/uploads\/2024\/07\/room.png\" alt=\"\" class=\"wp-image-849\"\/><\/figure>\n<\/div>\n\n\n\n<div class=\"wp-block-column is-layout-flow wp-block-column-is-layout-flow\"><\/div>\n<\/div>\n\n\n\n<p>Kontakt:&nbsp;<a href=\"mailto:olivier-martin@room-avocats.com\">Marc Olivier-Martin<\/a><\/p>\n\n\n\n<p>Telefon +33 (0)1 53 96 53 93<br>Fax +33 (0)1 53 96 05 96<br><a href=\"mailto:olivier-martin@room-avocats.com\">olivier-martin@room-avocats.com<\/a><br><a href=\"https:\/\/www.room-avocats.com\" target=\"_blank\" rel=\"noreferrer noopener\">https:\/\/www.room-avocats.com<\/a><\/p>\n\n\n\n<p><strong>Weitere Informationen<\/strong><\/p>\n\n\n\n<p>Die 2006 in Paris gegr\u00fcndete Full-Service-Kanzlei Room Avocats bietet hochqualitative Rechtsdienstleistungen f\u00fcr franz\u00f6sische und internationale Mandanten verschiedenster Branchen.<\/p>\n\n\n\n<p>Sechs erfahrene Rechtsanw\u00e4lte, Associates und Partner befassen sich mit Regressf\u00e4llen und Insolvenzverfahren.<\/p>\n\n\n\n<p>Weitere qualifizierte Anw\u00e4lte bieten umfassende rechtliche Beratung und Unterst\u00fctzung in zahlreichen Rechtsgebieten wie Gesellschaftsrecht, Zivil- und Handelsrecht, Besch\u00e4ftigung und Arbeitsrecht, Immobilienrecht, Wirtschaftsstrafrecht, Wirtschaftsrecht, Wettbewerbsrecht, Steuerrecht sowie Erbschaftsprozesse.<\/p>\n","protected":false},"excerpt":{"rendered":"<p>Room&nbsp;Avocats 9, rue Anatole de La Forge75017&nbsp;ParisFrankreich Kontakt:&nbsp;Marc Olivier-Martin Telefon +33 (0)1 53 96 53 93Fax +33 (0)1 53 96 05 96olivier-martin@room-avocats.comhttps:\/\/www.room-avocats.com Weitere Informationen Die 2006 in Paris gegr\u00fcndete Full-Service-Kanzlei Room Avocats bietet hochqualitative Rechtsdienstleistungen f\u00fcr franz\u00f6sische und internationale Mandanten verschiedenster Branchen. Sechs erfahrene Rechtsanw\u00e4lte, Associates und Partner befassen sich mit Regressf\u00e4llen und Insolvenzverfahren. Weitere [&hellip;]<\/p>\n","protected":false},"author":1,"featured_media":0,"parent":0,"menu_order":0,"comment_status":"closed","ping_status":"closed","template":"templates\/template-full-width.php","meta":{"footnotes":""},"class_list":["post-847","page","type-page","status-publish","hentry"],"rttpg_featured_image_url":null,"rttpg_author":{"display_name":"admin","author_link":"https:\/\/earn-network.eu\/start\/author\/admin\/"},"rttpg_comment":0,"rttpg_category":" <a href=\"https:\/\/earn-network.eu\/start\/de\/\" rel=\"tag\">Deutsch<\/a>","rttpg_excerpt":"Room&nbsp;Avocats 9, rue Anatole de La Forge75017&nbsp;ParisFrankreich Kontakt:&nbsp;Marc Olivier-Martin Telefon +33 (0)1 53 96 53 93Fax +33 (0)1 53 96 05 96olivier-martin@room-avocats.comhttps:\/\/www.room-avocats.com Weitere Informationen Die 2006 in Paris gegr\u00fcndete Full-Service-Kanzlei Room Avocats bietet hochqualitative Rechtsdienstleistungen f\u00fcr franz\u00f6sische und internationale Mandanten verschiedenster Branchen. Sechs erfahrene Rechtsanw\u00e4lte, Associates und Partner befassen sich mit Regressf\u00e4llen und Insolvenzverfahren. Weitere&hellip;","_links":{"self":[{"href":"https:\/\/earn-network.eu\/start\/wp-json\/wp\/v2\/pages\/847","targetHints":{"allow":["GET"]}}],"collection":[{"href":"https:\/\/earn-network.eu\/start\/wp-json\/wp\/v2\/pages"}],"about":[{"href":"https:\/\/earn-network.eu\/start\/wp-json\/wp\/v2\/types\/page"}],"author":[{"embeddable":true,"href":"https:\/\/earn-network.eu\/start\/wp-json\/wp\/v2\/users\/1"}],"replies":[{"embeddable":true,"href":"https:\/\/earn-network.eu\/start\/wp-json\/wp\/v2\/comments?post=847"}],"version-history":[{"count":0,"href":"https:\/\/earn-network.eu\/start\/wp-json\/wp\/v2\/pages\/847\/revisions"}],"wp:attachment":[{"href":"https:\/\/earn-network.eu\/start\/wp-json\/wp\/v2\/media?parent=847"}],"curies":[{"name":"wp","href":"https:\/\/api.w.org\/{rel}","templated":true}]}}