{"id":843,"date":"2024-07-31T10:51:14","date_gmt":"2024-07-31T10:51:14","guid":{"rendered":"https:\/\/network-earn.org\/?page_id=843"},"modified":"2024-10-14T21:11:57","modified_gmt":"2024-10-14T21:11:57","slug":"paschen-rechtsanwaelte-en","status":"publish","type":"page","link":"https:\/\/earn-network.eu\/start\/paschen-rechtsanwaelte-en\/","title":{"rendered":"PASCHEN\u00a0Rechtsanw\u00e4lte English"},"content":{"rendered":"\n<h2 class=\"wp-block-heading has-text-align-center\">PASCHEN\u00a0Rechtsanw\u00e4lte<\/h2>\n\n\n\n<div class=\"wp-block-columns is-layout-flex wp-container-core-columns-is-layout-9d6595d7 wp-block-columns-is-layout-flex\">\n<div class=\"wp-block-column is-layout-flow wp-block-column-is-layout-flow\">\n<p>Kaiserin-Augusta-Allee 113<br>10553 Berlin<br>Germany<\/p>\n<\/div>\n\n\n\n<div class=\"wp-block-column is-layout-flow wp-block-column-is-layout-flow\">\n<figure class=\"wp-block-image size-full\"><img decoding=\"async\" width=\"185\" height=\"38\" src=\"https:\/\/earn-network.eu\/wp-content\/uploads\/2024\/07\/logo-paschen-rechtsanwaelte.png\" alt=\"\" class=\"wp-image-822\"\/><\/figure>\n<\/div>\n\n\n\n<div class=\"wp-block-column is-layout-flow wp-block-column-is-layout-flow\"><\/div>\n<\/div>\n\n\n\n<p>Locations: Berlin, Leipzig, M\u00fcnchen, K\u00f6ln<br>Contact:&nbsp;<a href=\"mailto:L.Paschen@paschen.cc\" target=\"_blank\" rel=\"noreferrer noopener\">Rechtsanwalt Lutz Paschen<\/a><\/p>\n\n\n\n<p>Phone +49 30 34 67 56 0<br>Fax +49 30 34 67 56 22<br><a href=\"mailto:berlin@paschen.cc\">berlin@paschen.cc<\/a><br><a href=\"https:\/\/www.paschen.cc\/en\/\" target=\"_blank\" rel=\"noreferrer noopener\">https:\/\/www.paschen.cc\/en\/<\/a><\/p>\n\n\n\n<p><strong>Description<\/strong><\/p>\n\n\n\n<p>Since 1993, PASCHEN has been dealing with commercial law matters as a law firm with offices throughout Germany. Today as one of the leading German law firms, PASCHEN provides legal claims management of the highest quality throughout the European Union and particularly in Germany.<\/p>\n\n\n\n<p>For PASCHEN, quality work comes first. That is why strong relationships with clients have priority. Professional experience and in-depth understanding of the clients&#8216; businesses are enabling PASCHEN to deliver the quality advice and service they expect. The constant review and appraisal of PASCHENs own performances as well as the customized client services allow it to solve legal claim cases more effectively.<\/p>\n\n\n\n<p>The close interfirm cooperation of PASCHENs lawyers across interdisciplinary fields of law has proved very successful so the highest quality of legal services can be assured in accordance with reasonable evaluation from a business perspective. These theme-focused Practices are: Employment Law, Building Projects &amp; Real Estate, China &amp; South Asia, Factoring, Trade and Service, Insolvency Law, Private International &amp; International Commercial Law and Insurance Law.<\/p>\n","protected":false},"excerpt":{"rendered":"<p>PASCHEN\u00a0Rechtsanw\u00e4lte Kaiserin-Augusta-Allee 11310553 BerlinGermany Locations: Berlin, Leipzig, M\u00fcnchen, K\u00f6lnContact:&nbsp;Rechtsanwalt Lutz Paschen Phone +49 30 34 67 56 0Fax +49 30 34 67 56 22berlin@paschen.cchttps:\/\/www.paschen.cc\/en\/ Description Since 1993, PASCHEN has been dealing with commercial law matters as a law firm with offices throughout Germany. Today as one of the leading German law firms, PASCHEN provides legal [&hellip;]<\/p>\n","protected":false},"author":1,"featured_media":0,"parent":0,"menu_order":0,"comment_status":"closed","ping_status":"closed","template":"templates\/template-full-width.php","meta":{"footnotes":""},"class_list":["post-843","page","type-page","status-publish","hentry"],"rttpg_featured_image_url":null,"rttpg_author":{"display_name":"admin","author_link":"https:\/\/earn-network.eu\/start\/author\/admin\/"},"rttpg_comment":0,"rttpg_category":" <a href=\"https:\/\/earn-network.eu\/start\/\" rel=\"tag\">English<\/a>","rttpg_excerpt":"PASCHEN\u00a0Rechtsanw\u00e4lte Kaiserin-Augusta-Allee 11310553 BerlinGermany Locations: Berlin, Leipzig, M\u00fcnchen, K\u00f6lnContact:&nbsp;Rechtsanwalt Lutz Paschen Phone +49 30 34 67 56 0Fax +49 30 34 67 56 22berlin@paschen.cchttps:\/\/www.paschen.cc\/en\/ Description Since 1993, PASCHEN has been dealing with commercial law matters as a law firm with offices throughout Germany. Today as one of the leading German law firms, PASCHEN provides legal&hellip;","_links":{"self":[{"href":"https:\/\/earn-network.eu\/start\/wp-json\/wp\/v2\/pages\/843","targetHints":{"allow":["GET"]}}],"collection":[{"href":"https:\/\/earn-network.eu\/start\/wp-json\/wp\/v2\/pages"}],"about":[{"href":"https:\/\/earn-network.eu\/start\/wp-json\/wp\/v2\/types\/page"}],"author":[{"embeddable":true,"href":"https:\/\/earn-network.eu\/start\/wp-json\/wp\/v2\/users\/1"}],"replies":[{"embeddable":true,"href":"https:\/\/earn-network.eu\/start\/wp-json\/wp\/v2\/comments?post=843"}],"version-history":[{"count":0,"href":"https:\/\/earn-network.eu\/start\/wp-json\/wp\/v2\/pages\/843\/revisions"}],"wp:attachment":[{"href":"https:\/\/earn-network.eu\/start\/wp-json\/wp\/v2\/media?parent=843"}],"curies":[{"name":"wp","href":"https:\/\/api.w.org\/{rel}","templated":true}]}}