{"id":466,"date":"2024-07-28T11:26:38","date_gmt":"2024-07-28T11:26:38","guid":{"rendered":"https:\/\/network-earn.org\/?page_id=466"},"modified":"2024-08-06T16:03:25","modified_gmt":"2024-08-06T16:03:25","slug":"impressum","status":"publish","type":"page","link":"https:\/\/earn-network.eu\/start\/impressum\/","title":{"rendered":"Impressum"},"content":{"rendered":"\n<h2 class=\"wp-block-heading has-text-align-center\">Impressum<\/h2>\n\n\n\n<p><br>EARN Network ist eine Marketing Kooperation der<br><em>BPS Forderungsmanagement GmbH<\/em><br>Kaiserin-Augusta-Allee 113<br>10553 Berlin<\/p>\n\n\n\n<p><mark style=\"background-color:rgba(0, 0, 0, 0);color:#b6985e\" class=\"has-inline-color\">Gesch\u00e4ftsf\u00fchrerin<\/mark><br>Ines Paschen<\/p>\n\n\n\n<p><mark style=\"background-color:rgba(0, 0, 0, 0);color:#b6985e\" class=\"has-inline-color\">Kontakt<\/mark><br>Tel.: +49-30-345 042 25<br>Email: info@earn-network.eu<\/p>\n\n\n\n<p><mark style=\"background-color:rgba(0, 0, 0, 0);color:#b6985e\" class=\"has-inline-color\">Registrierung<\/mark><br>Amtsgericht Berlin-Charlottenburg HRB 72862<br>Umsatzsteuer-Identifikationsnummer DE203733151<\/p>\n\n\n\n<p><mark style=\"background-color:rgba(0, 0, 0, 0);color:#b6985e\" class=\"has-inline-color\">Inhaltlich verantwortlich gem. \u00a7 18 Abs. 2 MStV<\/mark><br>Ines Paschen<\/p>\n\n\n\n<p><mark style=\"background-color:rgba(0, 0, 0, 0);color:#b6985e\" class=\"has-inline-color\">Haftungsausschluss<\/mark><br>Die Inhalte wurden mit gr\u00f6\u00dfter Sorgfalt nach bestem Wissen und Gewissen erstellt und\/oder bearbeitet. F\u00fcr die Aktualit\u00e4t, Richtigkeit und Vollst\u00e4ndigkeit kann letztlich dennoch keine Gew\u00e4hr \u00fcbernommen werden. Haftungsanspr\u00fcche, die aus einer Nutzung der dargebotenen Informationen resultieren, sind grunds\u00e4tzlich ausgeschlossen.<\/p>\n","protected":false},"excerpt":{"rendered":"<p>Impressum EARN Network ist eine Marketing Kooperation derBPS Forderungsmanagement GmbHKaiserin-Augusta-Allee 11310553 Berlin Gesch\u00e4ftsf\u00fchrerinInes Paschen KontaktTel.: +49-30-345 042 25Email: info@earn-network.eu RegistrierungAmtsgericht Berlin-Charlottenburg HRB 72862Umsatzsteuer-Identifikationsnummer DE203733151 Inhaltlich verantwortlich gem. \u00a7 18 Abs. 2 MStVInes Paschen HaftungsausschlussDie Inhalte wurden mit gr\u00f6\u00dfter Sorgfalt nach bestem Wissen und Gewissen erstellt und\/oder bearbeitet. F\u00fcr die Aktualit\u00e4t, Richtigkeit und Vollst\u00e4ndigkeit kann letztlich [&hellip;]<\/p>\n","protected":false},"author":1,"featured_media":0,"parent":0,"menu_order":0,"comment_status":"closed","ping_status":"closed","template":"templates\/template-full-width.php","meta":{"footnotes":""},"class_list":["post-466","page","type-page","status-publish","hentry"],"rttpg_featured_image_url":null,"rttpg_author":{"display_name":"admin","author_link":"https:\/\/earn-network.eu\/start\/author\/admin\/"},"rttpg_comment":0,"rttpg_category":" <a href=\"https:\/\/earn-network.eu\/start\/de\/\" rel=\"tag\">Deutsch<\/a>","rttpg_excerpt":"Impressum EARN Network ist eine Marketing Kooperation derBPS Forderungsmanagement GmbHKaiserin-Augusta-Allee 11310553 Berlin Gesch\u00e4ftsf\u00fchrerinInes Paschen KontaktTel.: +49-30-345 042 25Email: info@earn-network.eu RegistrierungAmtsgericht Berlin-Charlottenburg HRB 72862Umsatzsteuer-Identifikationsnummer DE203733151 Inhaltlich verantwortlich gem. \u00a7 18 Abs. 2 MStVInes Paschen HaftungsausschlussDie Inhalte wurden mit gr\u00f6\u00dfter Sorgfalt nach bestem Wissen und Gewissen erstellt und\/oder bearbeitet. F\u00fcr die Aktualit\u00e4t, Richtigkeit und Vollst\u00e4ndigkeit kann letztlich&hellip;","_links":{"self":[{"href":"https:\/\/earn-network.eu\/start\/wp-json\/wp\/v2\/pages\/466","targetHints":{"allow":["GET"]}}],"collection":[{"href":"https:\/\/earn-network.eu\/start\/wp-json\/wp\/v2\/pages"}],"about":[{"href":"https:\/\/earn-network.eu\/start\/wp-json\/wp\/v2\/types\/page"}],"author":[{"embeddable":true,"href":"https:\/\/earn-network.eu\/start\/wp-json\/wp\/v2\/users\/1"}],"replies":[{"embeddable":true,"href":"https:\/\/earn-network.eu\/start\/wp-json\/wp\/v2\/comments?post=466"}],"version-history":[{"count":0,"href":"https:\/\/earn-network.eu\/start\/wp-json\/wp\/v2\/pages\/466\/revisions"}],"wp:attachment":[{"href":"https:\/\/earn-network.eu\/start\/wp-json\/wp\/v2\/media?parent=466"}],"curies":[{"name":"wp","href":"https:\/\/api.w.org\/{rel}","templated":true}]}}