{"id":464,"date":"2024-07-28T11:25:43","date_gmt":"2024-07-28T11:25:43","guid":{"rendered":"https:\/\/network-earn.org\/?page_id=464"},"modified":"2025-02-06T11:26:26","modified_gmt":"2025-02-06T10:26:26","slug":"datenschutz","status":"publish","type":"page","link":"https:\/\/earn-network.eu\/start\/datenschutz\/","title":{"rendered":"Datenschutz"},"content":{"rendered":"\n<h2 class=\"wp-block-heading has-text-align-center\"><strong>Datenschutzerkl\u00e4rung<\/strong><\/h2>\n\n\n\n<p><br><strong>I. Name und Anschrift des Verantwortlichen<\/strong><br>EARN &#8211; European Accounts Receivable Network ist ein Angebot des Verantwortlichen:<\/p>\n\n\n\n<p>BPS Forderungsmanagement GmbH<br>Kaiserin-Augusta-Allee 113<br>10553 Berlin<br>Tel.: +49-30-345 042 25<br>Fax: +49-30-345 042 27<br>Email: info@bps-fm.de<\/p>\n\n\n\n<p><strong>II. Allgemeines zur Datenverarbeitung<br>Personenbezogene Daten<\/strong><\/p>\n\n\n\n<p>Personenbezogene Daten sind alle Informationen, die sich auf eine identifizierte oder identifizierbare nat\u00fcrliche Person beziehen (Art.4 Nr.1 der EU-Datenschutzgrundverordnung (DSGVO)). Hierzu geh\u00f6ren Daten, die Sie uns bei Nutzung unserer Website mitteilen, wie z.B. Ihre Adressdaten, Registrierungsdaten, Telekommunikationsdaten, aber auch Daten, die bei Nutzung unserer Website automatisch erhoben werden, wie z.B. Ihre IP-Adresse.<\/p>\n\n\n\n<p><strong>Umfang der Verarbeitung personenbezogener Daten<\/strong><\/p>\n\n\n\n<p>Grunds\u00e4tzlich steht unsere Internetseite allen Nutzern zur Verf\u00fcgung, ohne dass pers\u00f6nliche Daten erhoben werden. Personenbezogene Daten werden ausschlie\u00dflich in dem Umfang abgefragt, verarbeitet und genutzt, in dem es erforderlich ist, um von Ihnen abgefragte Leistungen zu erbringen oder Inhalte bereitzustellen.<\/p>\n\n\n\n<p><strong>Rechtsgrundlage f\u00fcr die Verarbeitung personenbezogener Daten<\/strong><\/p>\n\n\n\n<p>Soweit wir f\u00fcr Verarbeitungsvorg\u00e4nge personenbezogener Daten eine Einwilligung der betroffenen Person einholen, dient Art. 6 Abs. 1 lit. a EU-Datenschutzgrundverordnung (DSGVO) als Rechtsgrundlage.<\/p>\n\n\n\n<p>Bei der Verarbeitung von personenbezogenen Daten, die zur Erf\u00fcllung eines Vertrages, dessen Vertragspartei die betroffene Person ist, erforderlich ist, dient Art. 6 Abs. 1 lit. b DSGVO als Rechtsgrundlage. Dies gilt auch f\u00fcr Verarbeitungsvorg\u00e4nge, die zur Durchf\u00fchrung vorvertraglicher Ma\u00dfnahmen erforderlich sind.<\/p>\n\n\n\n<p><strong>Datenl\u00f6schung und Speicherdauer<\/strong><\/p>\n\n\n\n<p>Die personenbezogenen Daten der betroffenen Person werden gel\u00f6scht oder gesperrt, sobald der Zweck der Speicherung entf\u00e4llt. Eine Speicherung kann dar\u00fcber hinaus erfolgen, wenn dies durch den europ\u00e4ischen oder nationalen Gesetzgeber in unionsrechtlichen Verordnungen, Gesetzen oder sonstigen Vorschriften, denen der Verantwortliche unterliegt, vorgesehen wurde. Eine Sperrung oder L\u00f6schung der Daten erfolgt auch dann, wenn eine durch die genannten Normen vorgeschriebene Speicherfrist abl\u00e4uft, es sei denn, dass eine Erforderlichkeit zur weiteren Speicherung der Daten f\u00fcr einen Vertragsabschluss oder eine Vertragserf\u00fcllung besteht.<\/p>\n\n\n\n<p>III. Bereitstellung der Website und Erstellung von Logfiles<br>Bei jedem Aufruf unserer Internetseite erfasst unser System gem\u00e4\u00df Art. 6 Abs. 1 lit. f DSGVO automatisiert Daten und Informationen vom Computersystem des aufrufenden Rechners.<\/p>\n\n\n\n<p>Folgende Daten werden hierbei erhoben:<\/p>\n\n\n\n<p>(1) Informationen \u00fcber den Browsertyp und die verwendete Version<br>(2) Das Betriebssystem des Nutzers<br>(3) Den Internet-Service-Provider des Nutzers<br>(4) Die IP-Adresse des Nutzers<br>(5) Datum und Uhrzeit des Zugriffs<br>(6) Websites, von denen das System des Nutzers auf unsere Internetseite gelangt<br>(7) Websites, die vom System des Nutzers \u00fcber unsere Website aufgerufen werden<\/p>\n\n\n\n<p>Die Daten werden ebenfalls in den Logfiles unseres Systems gespeichert. Nicht hiervon betroffen sind die IP-Adressen des Nutzers oder andere Daten, die die Zuordnung der Daten zu einem Nutzer erm\u00f6glichen. Eine Speicherung dieser Daten zusammen mit anderen personenbezogenen Daten des Nutzers findet nicht statt.<\/p>\n\n\n\n<p>Die vor\u00fcbergehende Speicherung der IP-Adresse durch das System ist notwendig, um eine Auslieferung der Website an den Rechner des Nutzers zu erm\u00f6glichen. Hierf\u00fcr muss die IP-Adresse des Nutzers f\u00fcr die Dauer der Sitzung gespeichert bleiben.<\/p>\n\n\n\n<p>Die Daten werden gel\u00f6scht, sobald sie f\u00fcr die Erreichung des Zweckes ihrer Erhebung nicht mehr erforderlich sind. Im Falle der Erfassung der Daten zur Bereitstellung der Website ist dies der Fall, wenn die jeweilige Sitzung beendet ist.<\/p>\n\n\n\n<p>Die Erfassung der Daten zur Bereitstellung der Website und die Speicherung der Daten in Logfiles ist f\u00fcr den Betrieb der Internetseite zwingend erforderlich. Es besteht folglich seitens des Nutzers keine Widerspruchsm\u00f6glichkeit.<\/p>\n\n\n\n<p><strong>IV. Verwendung von Cookies<\/strong><br>Unsere Webseite verwendet Cookies. Bei Cookies handelt es sich um Textdateien, die im Internetbrowser bzw. vom Internetbrowser auf dem Computersystem des Nutzers gem\u00e4\u00df Art. 6 Abs. 1 lit. f DSGVO gespeichert werden. Ruft ein Nutzer eine Website auf, so kann ein Cookie auf dem Betriebssystem des Nutzers gespeichert werden. Dieser Cookie enth\u00e4lt eine charakteristische Zeichenfolge, die eine eindeutige Identifizierung des Browsers beim erneuten Aufrufen der Website erm\u00f6glicht.<\/p>\n\n\n\n<p>Der Zweck der Verwendung technisch notwendiger Cookies ist, die Nutzung von Websites f\u00fcr die Nutzer zu vereinfachen. Einige Funktionen unserer Internetseite k\u00f6nnen ohne den Einsatz von Cookies nicht angeboten werden. F\u00fcr diese ist es erforderlich, dass der Browser auch nach einem Seitenwechsel wiedererkannt wird.<\/p>\n\n\n\n<p>Die durch technisch notwendige Cookies erhobenen Nutzerdaten werden nicht zur Erstellung von Nutzerprofilen verwendet.<\/p>\n\n\n\n<p>Cookies werden auf dem Rechner des Nutzers gespeichert und von diesem an unserer Seite \u00fcbermittelt. Daher haben Sie als Nutzer auch die volle Kontrolle \u00fcber die Verwendung von Cookies. Durch eine \u00c4nderung der Einstellungen in Ihrem Internetbrowser k\u00f6nnen Sie die \u00dcbertragung von Cookies deaktivieren oder einschr\u00e4nken. Bereits gespeicherte Cookies k\u00f6nnen jederzeit gel\u00f6scht werden. Dies kann auch automatisiert erfolgen. Werden Cookies f\u00fcr unsere Website deaktiviert, k\u00f6nnen m\u00f6glicherweise nicht mehr alle Funktionen der Website vollumf\u00e4nglich genutzt werden.<\/p>\n\n\n\n<p><strong>V. Nutzung der SalesViewer\u00ae-Technologie<\/strong><br>Auf dieser Webseite werden mit der SalesViewer\u00ae-Technologie der SalesViewer\u00ae GmbH auf Grundlage berechtigter Interessen des Webseitenbetreibers (Art. 6 Abs.1 lit.f DSGVO) Daten zu Marketing-, Marktforschungs- und Optimierungszwecken gesammelt und gespeichert.<\/p>\n\n\n\n<p>Hierzu wird ein javascript-basierter Code eingesetzt, der zur Erhebung unternehmensbezogener Daten und der entsprechenden Nutzung dient. Die mit dieser Technologie erhobenen Daten werden \u00fcber eine nicht r\u00fcckrechenbare Einwegfunktion (sog. Hashing) verschl\u00fcsselt. Die Daten werden unmittelbar pseudonymisiert und nicht dazu benutzt, den Besucher dieser Webseite pers\u00f6nlich zu identifizieren.<\/p>\n\n\n\n<p>Die im Rahmen von Salesviewer\u00ae gespeicherten Daten werden gel\u00f6scht, sobald sie f\u00fcr ihre Zweckbestimmung nicht mehr erforderlich sind und der L\u00f6schung keine gesetzlichen Aufbewahrungspflichten entgegenstehen.<\/p>\n\n\n\n<p>Der Datenerhebung und -speicherung kann jederzeit mit Wirkung f\u00fcr die Zukunft widersprochen werden, indem Sie bitte diesen Link <a href=\"https:\/\/www.salesviewer.com\/opt-out\" target=\"_blank\" rel=\"noopener\">https:\/\/www.salesviewer.com\/opt-out<\/a> anklicken, um die Erfassung durch SalesViewer\u00ae innerhalb dieser Webseite zuk\u00fcnftig zu verhindern. Dabei wird ein Opt-out-Cookie f\u00fcr diese Webseite auf Ihrem Ger\u00e4t abgelegt. L\u00f6schen Sie Ihre Cookies in diesem Browser, m\u00fcssen Sie diesen Link erneut klicken.<\/p>\n\n\n\n<p><strong>VI. Kontaktformular und E-Mail-Kontakt<\/strong><br>Treten Sie per E-Mail oder Kontaktformular mit uns in Verbindung, so speichern wir Ihre diesbez\u00fcglichen Angaben (Pflichtfelder des Kontaktformulars: Name, E-Mail-Adresse, Telefon, Betreff, Freitextfeld) basierend auf Art. 6 Abs. 1 lit. a DS-GVO zur Bearbeitung der Anfrage sowie f\u00fcr m\u00f6gliche Anschlussfragen. Zielt der E-Mail-\/Formular-Kontakt auf den Abschluss eines Vertrages ab, so ist zus\u00e4tzliche Rechtsgrundlage f\u00fcr die Verarbeitung Art. 6 Abs. 1 lit. b DSGVO.<\/p>\n\n\n\n<p>Wir weisen Sie darauf hin, dass Nachrichten, die Sie uns \u00fcber unsere Webseite per E-Mail senden, unverschl\u00fcsselt an uns geleitet werden. Bitte beachten Sie, dass diese unter Umst\u00e4nden beim Transport durch das weltweite Internet von Dritten gelesen, eventuell sogar verf\u00e4lscht werden k\u00f6nnen. Bei vertraulichen Nachrichten empfehlen wir Ihnen daher, den Postweg zu nutzen.<\/p>\n\n\n\n<p>Im Zeitpunkt der Absendung der Nachricht werden zudem folgende Daten zur Verhinderung von Missbrauch und zur Sicherstellung der Sicherheit unserer informationstechnischen Systeme gespeichert:<\/p>\n\n\n\n<p>(1) Die IP-Adresse des Nutzers<br>(2) Datum und Uhrzeit der Registrierung<\/p>\n\n\n\n<p>Es erfolgt in diesem Zusammenhang keine Weitergabe der Daten an Dritte. Die Daten werden ausschlie\u00dflich f\u00fcr die Verarbeitung der Konversation verwendet.<\/p>\n\n\n\n<p>Die gespeicherten Daten werden gel\u00f6scht, sobald sie f\u00fcr die Erreichung des Zweckes ihrer Erhebung nicht mehr erforderlich sind. F\u00fcr die personenbezogenen Daten aus der Eingabemaske des Kontaktformulars und diejenigen, die per E-Mail \u00fcbersandt wurden, ist dies dann der Fall, wenn die jeweilige Konversation mit dem Nutzer beendet ist. Beendet ist die Konversation dann, wenn sich aus den Umst\u00e4nden entnehmen l\u00e4sst, dass der betroffene Sachverhalt abschlie\u00dfend gekl\u00e4rt ist. Die w\u00e4hrend des Absendevorgangs zus\u00e4tzlich erhobenen personenbezogenen Daten werden automatisiert gel\u00f6scht.<\/p>\n\n\n\n<p><strong>VII. Links zu Webseiten anderer Anbieter \/ Dritten<\/strong><br>Unsere Webseiten k\u00f6nnen Links zu Webseiten anderer Anbieter enthalten. Wir weisen darauf hin, dass diese Datenschutzerkl\u00e4rung ausschlie\u00dflich f\u00fcr die Webseiten der BPS Forderungsmanagement GmbH gilt. Wir haben keinen Einfluss darauf und kontrollieren nicht, dass andere Anbieter\/Dritte die geltenden Datenschutzbestimmungen einhalten.<\/p>\n\n\n\n<p><strong>VIII. Rechte der betroffenen Person auf Auskunft, Berichtigung, Sperre, L\u00f6schung und Widerspruch<\/strong><br>Wenn Sie Fragen zu Ihren Daten haben, k\u00f6nnen Sie sich jederzeit an uns wenden. Sie haben das Recht, auf Anfrage Auskunft \u00fcber Ihre bei uns gespeicherten Daten zu erhalten. Ferner haben Sie das Recht auf Berichtigung unrichtiger Daten, gegebenenfalls auf Sperrung und, mit Ausnahme von gesetzlich vorgeschriebenen Datenspeicherungen, auf L\u00f6schung.<\/p>\n\n\n\n<p>Als Nutzer haben Sie jederzeit die M\u00f6glichkeit, Ihre Einwilligung zur Verarbeitung der personenbezogenen Daten zu widerrufen. \u00c4nderungen oder den Widerruf einer Einwilligung k\u00f6nnen Sie durch entsprechende Mitteilung an<\/p>\n\n\n\n<p>BPS Forderungsmanagement GmbH<br>Kaiserin-Augusta-Allee 113<br>10553 Berlin<br>Tel.: +49-30-345 042 25<br>Fax: +49-30-345 042 27<br>Email: info@bps-fm.de<\/p>\n\n\n\n<p>mit Wirkung f\u00fcr die Zukunft vornehmen.<\/p>\n\n\n\n<p><strong>IX. \u00c4nderung unserer Datenschutzbestimmungen<\/strong><br>Wir behalten uns vor, diese Datenschutzerkl\u00e4rung gelegentlich anzupassen, damit sie stets den aktuellen rechtlichen Anforderungen entspricht oder um \u00c4nderungen unserer Leistungen in der Datenschutzerkl\u00e4rung umzusetzen, z. B. bei der Einf\u00fchrung neuer Services. F\u00fcr Ihren erneuten Besuch gilt dann die neue Datenschutzerkl\u00e4rung.<\/p>\n\n\n\n<p><strong>Qualit\u00e4tsstandard<\/strong><br>Alle EARN Partner erf\u00fcllen die zukunftsorientierten &amp; dienstleistungsbewussten EARN-Qualit\u00e4tsgrunds\u00e4tze.<\/p>\n\n\n\n<p><\/p>\n","protected":false},"excerpt":{"rendered":"<p>Datenschutzerkl\u00e4rung I. Name und Anschrift des VerantwortlichenEARN &#8211; European Accounts Receivable Network ist ein Angebot des Verantwortlichen: BPS Forderungsmanagement GmbHKaiserin-Augusta-Allee 11310553 BerlinTel.: +49-30-345 042 25Fax: +49-30-345 042 27Email: info@bps-fm.de II. Allgemeines zur DatenverarbeitungPersonenbezogene Daten Personenbezogene Daten sind alle Informationen, die sich auf eine identifizierte oder identifizierbare nat\u00fcrliche Person beziehen (Art.4 Nr.1 der EU-Datenschutzgrundverordnung (DSGVO)). Hierzu [&hellip;]<\/p>\n","protected":false},"author":1,"featured_media":0,"parent":0,"menu_order":0,"comment_status":"closed","ping_status":"closed","template":"templates\/template-full-width.php","meta":{"footnotes":""},"class_list":["post-464","page","type-page","status-publish","hentry"],"rttpg_featured_image_url":null,"rttpg_author":{"display_name":"admin","author_link":"https:\/\/earn-network.eu\/start\/author\/admin\/"},"rttpg_comment":0,"rttpg_category":" <a href=\"https:\/\/earn-network.eu\/start\/de\/\" rel=\"tag\">Deutsch<\/a>","rttpg_excerpt":"Datenschutzerkl\u00e4rung I. Name und Anschrift des VerantwortlichenEARN &#8211; European Accounts Receivable Network ist ein Angebot des Verantwortlichen: BPS Forderungsmanagement GmbHKaiserin-Augusta-Allee 11310553 BerlinTel.: +49-30-345 042 25Fax: +49-30-345 042 27Email: info@bps-fm.de II. Allgemeines zur DatenverarbeitungPersonenbezogene Daten Personenbezogene Daten sind alle Informationen, die sich auf eine identifizierte oder identifizierbare nat\u00fcrliche Person beziehen (Art.4 Nr.1 der EU-Datenschutzgrundverordnung (DSGVO)). Hierzu&hellip;","_links":{"self":[{"href":"https:\/\/earn-network.eu\/start\/wp-json\/wp\/v2\/pages\/464","targetHints":{"allow":["GET"]}}],"collection":[{"href":"https:\/\/earn-network.eu\/start\/wp-json\/wp\/v2\/pages"}],"about":[{"href":"https:\/\/earn-network.eu\/start\/wp-json\/wp\/v2\/types\/page"}],"author":[{"embeddable":true,"href":"https:\/\/earn-network.eu\/start\/wp-json\/wp\/v2\/users\/1"}],"replies":[{"embeddable":true,"href":"https:\/\/earn-network.eu\/start\/wp-json\/wp\/v2\/comments?post=464"}],"version-history":[{"count":0,"href":"https:\/\/earn-network.eu\/start\/wp-json\/wp\/v2\/pages\/464\/revisions"}],"wp:attachment":[{"href":"https:\/\/earn-network.eu\/start\/wp-json\/wp\/v2\/media?parent=464"}],"curies":[{"name":"wp","href":"https:\/\/api.w.org\/{rel}","templated":true}]}}