{"id":391,"date":"2024-07-26T12:56:11","date_gmt":"2024-07-26T12:56:11","guid":{"rendered":"https:\/\/network-earn.org\/?page_id=391"},"modified":"2024-08-05T14:18:31","modified_gmt":"2024-08-05T14:18:31","slug":"qualitaetsstandard","status":"publish","type":"page","link":"https:\/\/earn-network.eu\/start\/qualitaetsstandard\/","title":{"rendered":"QUALIT\u00c4TSSTANDARD"},"content":{"rendered":"<h3 style=\"text-align: center;\">QUALIT\u00c4TSSTANDARD<\/h3>\n<p><strong>Alle EARN Partner erf\u00fcllen die\u00a0zukunftsorientierten &amp; dienstleistungsbewussten EARN-Qualit\u00e4tsgrunds\u00e4tze.<\/strong><\/p>\n<ul>\n<li><strong>Erstreaktion<\/strong>\u00a0innerhalb von 24 Stunden nach Anfrage<\/li>\n<li><strong>Einhaltung<\/strong>\u00a0verbindlicher bzw. dem Mandanten\/EARN-Partner mitgeteilter Bearbeitungs<strong>fristen<\/strong><\/li>\n<li><strong>enge<\/strong>\u00a0Zusammenarbeit zwischen den\u00a0<strong>Kooperation<\/strong>spartnern im Interesse des Mandanten<\/li>\n<li>detaillierte Information und\u00a0<strong>Zuarbeit\u00a0<\/strong>bez\u00fcglich zu \u00fcbertragender\/\u00fcbernommener Mandate<\/li>\n<li>Wahrung der Mandanteninteressen und Pr\u00fcfung von Interessenkonflikten<\/li>\n<li><strong>regelm\u00e4\u00dfige Berichte<\/strong>rstattung an den EARN-Partner\/Mandanten \u00fcber den Sachstand \u00fcber Onlineportal<\/li>\n<li><strong>strikte Trennung\u00a0<\/strong>von Fremdgeldern und Kanzleiverm\u00f6gen<\/li>\n<li><strong>unverz\u00fcgliche<\/strong>\u00a0<strong>Weiterleitung<\/strong>\u00a0von eingezogenen\u00a0<strong>Fremdgeld<\/strong>ern an den Mandanten<\/li>\n<li>Unterst\u00fctzung der Kooperationspartner bei grenz\u00fcberschreitenden Ausschreibungen und Angebotsabgaben<\/li>\n<\/ul>\n","protected":false},"excerpt":{"rendered":"<p>QUALIT\u00c4TSSTANDARD Alle EARN Partner erf\u00fcllen die\u00a0zukunftsorientierten &amp; dienstleistungsbewussten EARN-Qualit\u00e4tsgrunds\u00e4tze. Erstreaktion\u00a0innerhalb von 24 Stunden nach Anfrage Einhaltung\u00a0verbindlicher bzw. dem Mandanten\/EARN-Partner mitgeteilter Bearbeitungsfristen enge\u00a0Zusammenarbeit zwischen den\u00a0Kooperationspartnern im Interesse des Mandanten detaillierte Information und\u00a0Zuarbeit\u00a0bez\u00fcglich zu \u00fcbertragender\/\u00fcbernommener Mandate Wahrung der Mandanteninteressen und Pr\u00fcfung von Interessenkonflikten regelm\u00e4\u00dfige Berichterstattung an den EARN-Partner\/Mandanten \u00fcber den Sachstand \u00fcber Onlineportal strikte Trennung\u00a0von Fremdgeldern und [&hellip;]<\/p>\n","protected":false},"author":1,"featured_media":0,"parent":0,"menu_order":0,"comment_status":"closed","ping_status":"closed","template":"templates\/template-full-width.php","meta":{"footnotes":""},"class_list":["post-391","page","type-page","status-publish","hentry"],"rttpg_featured_image_url":null,"rttpg_author":{"display_name":"admin","author_link":"https:\/\/earn-network.eu\/start\/author\/admin\/"},"rttpg_comment":0,"rttpg_category":" <a href=\"https:\/\/earn-network.eu\/start\/de\/\" rel=\"tag\">Deutsch<\/a>","rttpg_excerpt":"QUALIT\u00c4TSSTANDARD Alle EARN Partner erf\u00fcllen die\u00a0zukunftsorientierten &amp; dienstleistungsbewussten EARN-Qualit\u00e4tsgrunds\u00e4tze. Erstreaktion\u00a0innerhalb von 24 Stunden nach Anfrage Einhaltung\u00a0verbindlicher bzw. dem Mandanten\/EARN-Partner mitgeteilter Bearbeitungsfristen enge\u00a0Zusammenarbeit zwischen den\u00a0Kooperationspartnern im Interesse des Mandanten detaillierte Information und\u00a0Zuarbeit\u00a0bez\u00fcglich zu \u00fcbertragender\/\u00fcbernommener Mandate Wahrung der Mandanteninteressen und Pr\u00fcfung von Interessenkonflikten regelm\u00e4\u00dfige Berichterstattung an den EARN-Partner\/Mandanten \u00fcber den Sachstand \u00fcber Onlineportal strikte Trennung\u00a0von Fremdgeldern und&hellip;","_links":{"self":[{"href":"https:\/\/earn-network.eu\/start\/wp-json\/wp\/v2\/pages\/391","targetHints":{"allow":["GET"]}}],"collection":[{"href":"https:\/\/earn-network.eu\/start\/wp-json\/wp\/v2\/pages"}],"about":[{"href":"https:\/\/earn-network.eu\/start\/wp-json\/wp\/v2\/types\/page"}],"author":[{"embeddable":true,"href":"https:\/\/earn-network.eu\/start\/wp-json\/wp\/v2\/users\/1"}],"replies":[{"embeddable":true,"href":"https:\/\/earn-network.eu\/start\/wp-json\/wp\/v2\/comments?post=391"}],"version-history":[{"count":0,"href":"https:\/\/earn-network.eu\/start\/wp-json\/wp\/v2\/pages\/391\/revisions"}],"wp:attachment":[{"href":"https:\/\/earn-network.eu\/start\/wp-json\/wp\/v2\/media?parent=391"}],"curies":[{"name":"wp","href":"https:\/\/api.w.org\/{rel}","templated":true}]}}