{"id":1915,"date":"2024-10-15T23:36:17","date_gmt":"2024-10-15T23:36:17","guid":{"rendered":"https:\/\/network-earn.org\/?page_id=1915"},"modified":"2025-01-19T15:21:37","modified_gmt":"2025-01-19T14:21:37","slug":"ueber-earn","status":"publish","type":"page","link":"https:\/\/earn-network.eu\/start\/ueber-earn\/","title":{"rendered":"\u00dcBER EARN"},"content":{"rendered":"\t\t<div data-elementor-type=\"wp-page\" data-elementor-id=\"1915\" class=\"elementor elementor-1915\" data-elementor-post-type=\"page\">\n\t\t\t\t<div class=\"elementor-element elementor-element-c2f2fdc e-flex e-con-boxed e-con e-parent\" data-id=\"c2f2fdc\" data-element_type=\"container\" data-e-type=\"container\">\n\t\t\t\t\t<div class=\"e-con-inner\">\n\t\t<div class=\"elementor-element elementor-element-8c02a56 e-con-full e-flex e-con e-child\" data-id=\"8c02a56\" data-element_type=\"container\" data-e-type=\"container\">\n\t\t\t\t<\/div>\n\t\t<div class=\"elementor-element elementor-element-ece796e e-con-full e-flex e-con e-child\" data-id=\"ece796e\" data-element_type=\"container\" data-e-type=\"container\">\n\t\t\t\t<div class=\"elementor-element elementor-element-6bcb336 elementor-widget elementor-widget-text-editor\" data-id=\"6bcb336\" data-element_type=\"widget\" data-e-type=\"widget\" data-widget_type=\"text-editor.default\">\n\t\t\t\t<div class=\"elementor-widget-container\">\n\t\t\t\t\t\t\t\t\t<h2>\u00dcBER EARN<\/h2>\t\t\t\t\t\t\t\t<\/div>\n\t\t\t\t<\/div>\n\t\t\t\t<\/div>\n\t\t<div class=\"elementor-element elementor-element-0f88257 e-con-full e-flex e-con e-child\" data-id=\"0f88257\" data-element_type=\"container\" data-e-type=\"container\">\n\t\t\t\t<\/div>\n\t\t\t\t\t<\/div>\n\t\t\t\t<\/div>\n\t\t<div class=\"elementor-element elementor-element-458a117 e-flex e-con-boxed e-con e-parent\" data-id=\"458a117\" data-element_type=\"container\" data-e-type=\"container\">\n\t\t\t\t\t<div class=\"e-con-inner\">\n\t\t\t\t<div class=\"elementor-element elementor-element-37f2cf1 elementor-widget elementor-widget-text-editor\" data-id=\"37f2cf1\" data-element_type=\"widget\" data-e-type=\"widget\" data-widget_type=\"text-editor.default\">\n\t\t\t\t<div class=\"elementor-widget-container\">\n\t\t\t\t\t\t\t\t\t<p><strong>Internationale Beratungskompetenz mit European Accounts Receivable Network st\u00e4rken<\/strong><\/p><p>Forderungsmanagement im B2B-Bereich hat sich oft mit grenz\u00fcberschreitenden Gesch\u00e4ften zu befassen. Die rechtlichen Rahmenbedingungen f\u00fcr eine Forderungsverfolgung im europ\u00e4ischen Ausland haben sich in den letzten zehn Jahren erheblich verbessert. Den Anfang machte die Verordnung des europ\u00e4ischen Parlaments und des Rats vom 21. April 2004 \u00fcber die Einf\u00fchrung des europ\u00e4ischen Vollstreckungstitels f\u00fcr unbestrittene Forderungen. Zwischenzeitlich hat sich dar\u00fcber hinaus das im Jahre 2008 in nationales Recht umgesetzte europ\u00e4ische Zahlungsbefehlsverfahren fest etabliert.<\/p><p>Alle Ma\u00dfnahmen dieser Art setzen allerdings voraus, dass die Zahlungsverpflichtung grunds\u00e4tzlich unstreitig bleibt. Ist der Schuldner der Auffassung, nicht zur Zahlung verpflichtet zu sein, verbleibt es bei der Notwendigkeit, die Forderungen in einem regul\u00e4ren Gerichtsverfahren geltend zu machen. Dar\u00fcber hinaus bedarf auch ein erlangter europ\u00e4ischer Zahlungsbefehl der Zwangsvollstreckung, wenn ihm der Schuldner nicht freiwillig Folge leistet.<\/p><p>Schon aus diesem Grunde ist der Bedarf an zuverl\u00e4ssigen anwaltlichen Partnern im Ausland, die mit dem Thema Forderungsmanagement vertraut sind, ungebrochen. F\u00fcr eine erfolgreiche Geltendmachung von Forderungen im Ausland sind sowohl eine tiefgreifende Kenntnis der anwendbaren Gesetze, als auch der entsprechenden Verfahrensvorschriften und Strafverfolgungsma\u00dfnahmen in den verschiedenen Rechtsprechungen notwendig.<\/p><p>Dabei sind juristische Expertise, eine kontinuierliche und pers\u00f6nliche Spezialisierung in Verbindung mit mit vertieften Kenntnissen wirtschaftlicher Zusammenh\u00e4nge sowie detailliertem Branchenwissen unabdingbar f\u00fcr die anwaltliche Betreuung grenz\u00fcberschreitender Gesch\u00e4fte von Unternehmen aller Gr\u00f6\u00dfenordnungen vom mittelst\u00e4ndischen Betrieb bis zum multinationalen Konzern.<\/p><p>Die BPS Forderungsmanagement GmbH entwickelt das Netzwerk kleinerer und mittelst\u00e4ndischer Anwaltskanzleien stetig weiter, um die M\u00f6glichkeiten der Geltendmachung grenz\u00fcberschreitender Forderungen optimal aussch\u00f6pfen zu k\u00f6nnen. Dabei profitieren unsere Kunden neben den umfassenden juristischen und l\u00e4nderspezifischen Erfahrungen auch von der individuellen wie pers\u00f6nlichen Beratung vor Ort.<\/p><p>Alle EARN Partner verstehen dabei anwaltliches Forderungsmanagement als das Handling des gesamten Prozesses von der Entstehung der Forderung bis hin zu ihrer Realisierung, erforderlichenfalls auch mit juristischen Zwangsmitteln.<\/p><p>Besonderes Augenmerk wird dabei auf die europaweit variierenden Geb\u00fchrenregeln, die voraussichtliche Verfahrensdauer und die Abw\u00e4gung der vielf\u00e4ltigen M\u00f6glichkeiten f\u00fcr Zwangsvollstreckungsma\u00dfnahmen gelegt.<\/p><p>Das European Accounts Receivable Network, als nicht-exklusive Arbeitsgruppe, versammelt sich mindestens einmal im Jahr, um neben dem Austausch beruflicher Erfahrungen und relevanter \u00c4nderungen jeweiliger nationaler Rechtsprechung auch den pers\u00f6nlichen Kontakt zu vertiefen und weitere Partner pers\u00f6nlich vorzustellen.<\/p><p>Ziel ist es, den Mitgliederkreis unter Einhaltung der strengen Qualit\u00e4tskriterien stetig zu erweitern, so dass in \u00fcberschaubarer Zeit ein l\u00fcckenloses Netz f\u00fcr ganz Europa zur Verf\u00fcgung steht.<\/p>\t\t\t\t\t\t\t\t<\/div>\n\t\t\t\t<\/div>\n\t\t\t\t\t<\/div>\n\t\t\t\t<\/div>\n\t\t<div class=\"elementor-element elementor-element-b9e69dc e-flex e-con-boxed e-con e-parent\" data-id=\"b9e69dc\" data-element_type=\"container\" data-e-type=\"container\">\n\t\t\t\t\t<div class=\"e-con-inner\">\n\t\t\t\t<div class=\"elementor-element elementor-element-b0b2e0d elementor-widget__width-initial elementor-widget elementor-widget-text-editor\" data-id=\"b0b2e0d\" data-element_type=\"widget\" data-e-type=\"widget\" data-widget_type=\"text-editor.default\">\n\t\t\t\t<div class=\"elementor-widget-container\">\n\t\t\t\t\t\t\t\t\t<p style=\"text-align: center;\">Sprechen Sie mich an<\/p><p style=\"text-align: center;\"><strong>Ines Paschen<br \/><\/strong>Gesch\u00e4ftsf\u00fchrerin<br \/><a href=\"mailto:info@earn-network.eu\">info@earn-network.eu<\/a><\/p>\t\t\t\t\t\t\t\t<\/div>\n\t\t\t\t<\/div>\n\t\t\t\t\t<\/div>\n\t\t\t\t<\/div>\n\t\t<div class=\"elementor-element elementor-element-25db9e0 e-flex e-con-boxed e-con e-parent\" data-id=\"25db9e0\" data-element_type=\"container\" data-e-type=\"container\">\n\t\t\t\t\t<div class=\"e-con-inner\">\n\t\t<div class=\"elementor-element elementor-element-cf2f922 e-con-full e-flex e-con e-child\" data-id=\"cf2f922\" data-element_type=\"container\" data-e-type=\"container\">\n\t\t\t\t<\/div>\n\t\t<div class=\"elementor-element elementor-element-9e4809b e-con-full e-flex e-con e-child\" data-id=\"9e4809b\" data-element_type=\"container\" data-e-type=\"container\">\n\t\t\t\t<div class=\"elementor-element elementor-element-d9af613 elementor-widget elementor-widget-image\" data-id=\"d9af613\" data-element_type=\"widget\" data-e-type=\"widget\" data-widget_type=\"image.default\">\n\t\t\t\t<div class=\"elementor-widget-container\">\n\t\t\t\t\t\t\t\t\t\t\t\t\t\t\t<img fetchpriority=\"high\" decoding=\"async\" width=\"580\" height=\"387\" src=\"https:\/\/earn-network.eu\/wp-content\/uploads\/2024\/10\/2022_InesPaschen_kl-1024x683.jpg\" class=\"attachment-large size-large wp-image-1908\" alt=\"\" srcset=\"https:\/\/earn-network.eu\/wp-content\/uploads\/2024\/10\/2022_InesPaschen_kl-1024x683.jpg 1024w, https:\/\/earn-network.eu\/wp-content\/uploads\/2024\/10\/2022_InesPaschen_kl-300x200.jpg 300w, https:\/\/earn-network.eu\/wp-content\/uploads\/2024\/10\/2022_InesPaschen_kl-768x512.jpg 768w, https:\/\/earn-network.eu\/wp-content\/uploads\/2024\/10\/2022_InesPaschen_kl-1536x1024.jpg 1536w, https:\/\/earn-network.eu\/wp-content\/uploads\/2024\/10\/2022_InesPaschen_kl-1200x800.jpg 1200w, https:\/\/earn-network.eu\/wp-content\/uploads\/2024\/10\/2022_InesPaschen_kl.jpg 1773w\" sizes=\"(max-width: 580px) 100vw, 580px\" \/>\t\t\t\t\t\t\t\t\t\t\t\t\t\t\t<\/div>\n\t\t\t\t<\/div>\n\t\t\t\t<\/div>\n\t\t<div class=\"elementor-element elementor-element-b5ed794 e-con-full e-flex e-con e-child\" data-id=\"b5ed794\" data-element_type=\"container\" data-e-type=\"container\">\n\t\t\t\t<\/div>\n\t\t\t\t\t<\/div>\n\t\t\t\t<\/div>\n\t\t\t\t<\/div>\n\t\t","protected":false},"excerpt":{"rendered":"<p>\u00dcBER EARN Internationale Beratungskompetenz mit European Accounts Receivable Network st\u00e4rken Forderungsmanagement im B2B-Bereich hat sich oft mit grenz\u00fcberschreitenden Gesch\u00e4ften zu befassen. Die rechtlichen Rahmenbedingungen f\u00fcr eine Forderungsverfolgung im europ\u00e4ischen Ausland haben sich in den letzten zehn Jahren erheblich verbessert. Den Anfang machte die Verordnung des europ\u00e4ischen Parlaments und des Rats vom 21. April 2004 \u00fcber [&hellip;]<\/p>\n","protected":false},"author":1,"featured_media":0,"parent":0,"menu_order":0,"comment_status":"closed","ping_status":"closed","template":"templates\/template-full-width.php","meta":{"footnotes":""},"class_list":["post-1915","page","type-page","status-publish","hentry"],"rttpg_featured_image_url":null,"rttpg_author":{"display_name":"admin","author_link":"https:\/\/earn-network.eu\/start\/author\/admin\/"},"rttpg_comment":0,"rttpg_category":" <a href=\"https:\/\/earn-network.eu\/start\/de\/\" rel=\"tag\">Deutsch<\/a>","rttpg_excerpt":"\u00dcBER EARN Internationale Beratungskompetenz mit European Accounts Receivable Network st\u00e4rken Forderungsmanagement im B2B-Bereich hat sich oft mit grenz\u00fcberschreitenden Gesch\u00e4ften zu befassen. Die rechtlichen Rahmenbedingungen f\u00fcr eine Forderungsverfolgung im europ\u00e4ischen Ausland haben sich in den letzten zehn Jahren erheblich verbessert. Den Anfang machte die Verordnung des europ\u00e4ischen Parlaments und des Rats vom 21. April 2004 \u00fcber&hellip;","_links":{"self":[{"href":"https:\/\/earn-network.eu\/start\/wp-json\/wp\/v2\/pages\/1915","targetHints":{"allow":["GET"]}}],"collection":[{"href":"https:\/\/earn-network.eu\/start\/wp-json\/wp\/v2\/pages"}],"about":[{"href":"https:\/\/earn-network.eu\/start\/wp-json\/wp\/v2\/types\/page"}],"author":[{"embeddable":true,"href":"https:\/\/earn-network.eu\/start\/wp-json\/wp\/v2\/users\/1"}],"replies":[{"embeddable":true,"href":"https:\/\/earn-network.eu\/start\/wp-json\/wp\/v2\/comments?post=1915"}],"version-history":[{"count":0,"href":"https:\/\/earn-network.eu\/start\/wp-json\/wp\/v2\/pages\/1915\/revisions"}],"wp:attachment":[{"href":"https:\/\/earn-network.eu\/start\/wp-json\/wp\/v2\/media?parent=1915"}],"curies":[{"name":"wp","href":"https:\/\/api.w.org\/{rel}","templated":true}]}}