{"id":1848,"date":"2024-10-14T21:39:21","date_gmt":"2024-10-14T21:39:21","guid":{"rendered":"https:\/\/network-earn.org\/?page_id=1848"},"modified":"2025-10-16T12:17:42","modified_gmt":"2025-10-16T10:17:42","slug":"mitglieder","status":"publish","type":"page","link":"https:\/\/earn-network.eu\/start\/mitglieder\/","title":{"rendered":"MITGLIEDER"},"content":{"rendered":"\n<h3 class=\"wp-block-heading has-text-align-center\">MITGLIEDER<\/h3>\n\n\n<div class=\"wp-block-image\">\n<figure class=\"aligncenter size-full\"><img fetchpriority=\"high\" decoding=\"async\" width=\"450\" height=\"470\" src=\"https:\/\/earn-network.eu\/wp-content\/uploads\/2024\/07\/europakarte-home.png\" alt=\"\" class=\"wp-image-316\" title=\"\" srcset=\"https:\/\/earn-network.eu\/wp-content\/uploads\/2024\/07\/europakarte-home.png 450w, https:\/\/earn-network.eu\/wp-content\/uploads\/2024\/07\/europakarte-home-287x300.png 287w\" sizes=\"(max-width: 450px) 100vw, 450px\" \/><\/figure>\n<\/div>\n\n\n<figure class=\"wp-block-table\"><table class=\"has-fixed-layout\"><tbody><tr><td><a href=\"https:\/\/earn-network.eu\/damste-advocaten-notarissen\/\" data-type=\"page\" data-id=\"878\">Damst\u00e9 advocaten &#8211; notarissen<\/a><\/td><td>Enschede\/Niederlande<\/td><\/tr><tr><td><a href=\"https:\/\/earn-network.eu\/dein-advogados\/\" data-type=\"page\" data-id=\"896\">DEIN ADVOGADOS<\/a><\/td><td>Lissabon\/Portugal<\/td><\/tr><tr><td><a href=\"https:\/\/earn-network.eu\/dewispelaere-bv\/\" data-type=\"page\" data-id=\"906\">DEWISPELAERE BV<\/a><a href=\"https:\/\/earn-network.eu\/paschen-rechtsanwaelte-en\/\" data-type=\"page\" data-id=\"843\"><\/a><\/td><td>Strombeek-Bever (Br\u00fcssel) \/Belgien<\/td><\/tr><tr><td><a href=\"https:\/\/earn-network.eu\/etude-anne-marie-schmit\/\" data-type=\"page\" data-id=\"870\">ETUDE ANNE-MARIE SCHMIT<\/a><a href=\"https:\/\/earn-network.eu\/izzi-toniatti-perron-cabus-martini-partners-en\/\" data-type=\"page\" data-id=\"865\"><\/a><\/td><td>Luxemburg\/Luxemburg<\/td><\/tr><tr><td><a href=\"https:\/\/earn-network.eu\/hba\/\" data-type=\"page\" data-id=\"892\">hba Rechtsanw\u00e4lte GmbH<\/a><\/td><td>Wien\/\u00d6sterreich<\/td><\/tr><tr><td><a href=\"https:\/\/earn-network.eu\/hba-schweiz\/\" data-type=\"page\" data-id=\"924\">hba Rechtsanw\u00e4lte GmbH<\/a><\/td><td>Z\u00fcrich\/Schweiz<\/td><\/tr><tr><td><a href=\"https:\/\/earn-network.eu\/izzi-toniatti-martini-partners\/\" data-type=\"page\" data-id=\"861\">IZZI\u2013TONIATTI\u2013MARTINI &amp; PARTNERS<\/a><\/td><td>Mailand\/Italien<\/td><\/tr><tr><td><a href=\"https:\/\/earn-network.eu\/medina-cuadros-abogados\/\" data-type=\"page\" data-id=\"902\">Medina Cuadros Abogados<\/a><\/td><td>Madrid\/Spanien<\/td><\/tr><tr><td><a href=\"https:\/\/earn-network.eu\/paschen-rechtsanwaelte\/\" data-type=\"page\" data-id=\"819\">PASCHEN Rechtsanw\u00e4lte<\/a><\/td><td>Berlin\/Deutschland<\/td><\/tr><tr><td><a href=\"https:\/\/earn-network.eu\/room-avocats\/\" data-type=\"page\" data-id=\"847\">Room Avocats<\/a><a href=\"https:\/\/earn-network.eu\/dewispelaere-bv-en\/\" data-type=\"page\" data-id=\"948\"><\/a><\/td><td>Paris\/Frankreich<\/td><\/tr><\/tbody><\/table><\/figure>\n\n\n\n<p><\/p>\n","protected":false},"excerpt":{"rendered":"<p>MITGLIEDER Damst\u00e9 advocaten &#8211; notarissen Enschede\/Niederlande DEIN ADVOGADOS Lissabon\/Portugal DEWISPELAERE BV Strombeek-Bever (Br\u00fcssel) \/Belgien ETUDE ANNE-MARIE SCHMIT Luxemburg\/Luxemburg hba Rechtsanw\u00e4lte GmbH Wien\/\u00d6sterreich hba Rechtsanw\u00e4lte GmbH Z\u00fcrich\/Schweiz IZZI\u2013TONIATTI\u2013MARTINI &amp; PARTNERS Mailand\/Italien Medina Cuadros Abogados Madrid\/Spanien PASCHEN Rechtsanw\u00e4lte Berlin\/Deutschland Room Avocats Paris\/Frankreich<\/p>\n","protected":false},"author":1,"featured_media":0,"parent":0,"menu_order":0,"comment_status":"closed","ping_status":"closed","template":"templates\/template-full-width.php","meta":{"footnotes":""},"class_list":["post-1848","page","type-page","status-publish","hentry"],"rttpg_featured_image_url":null,"rttpg_author":{"display_name":"admin","author_link":"https:\/\/earn-network.eu\/start\/author\/admin\/"},"rttpg_comment":0,"rttpg_category":" <a href=\"https:\/\/earn-network.eu\/start\/de\/\" rel=\"tag\">Deutsch<\/a>","rttpg_excerpt":"MITGLIEDER Damst\u00e9 advocaten &#8211; notarissen Enschede\/Niederlande DEIN ADVOGADOS Lissabon\/Portugal DEWISPELAERE BV Strombeek-Bever (Br\u00fcssel) \/Belgien ETUDE ANNE-MARIE SCHMIT Luxemburg\/Luxemburg hba Rechtsanw\u00e4lte GmbH Wien\/\u00d6sterreich hba Rechtsanw\u00e4lte GmbH Z\u00fcrich\/Schweiz IZZI\u2013TONIATTI\u2013MARTINI &amp; PARTNERS Mailand\/Italien Medina Cuadros Abogados Madrid\/Spanien PASCHEN Rechtsanw\u00e4lte Berlin\/Deutschland Room Avocats Paris\/Frankreich","_links":{"self":[{"href":"https:\/\/earn-network.eu\/start\/wp-json\/wp\/v2\/pages\/1848","targetHints":{"allow":["GET"]}}],"collection":[{"href":"https:\/\/earn-network.eu\/start\/wp-json\/wp\/v2\/pages"}],"about":[{"href":"https:\/\/earn-network.eu\/start\/wp-json\/wp\/v2\/types\/page"}],"author":[{"embeddable":true,"href":"https:\/\/earn-network.eu\/start\/wp-json\/wp\/v2\/users\/1"}],"replies":[{"embeddable":true,"href":"https:\/\/earn-network.eu\/start\/wp-json\/wp\/v2\/comments?post=1848"}],"version-history":[{"count":0,"href":"https:\/\/earn-network.eu\/start\/wp-json\/wp\/v2\/pages\/1848\/revisions"}],"wp:attachment":[{"href":"https:\/\/earn-network.eu\/start\/wp-json\/wp\/v2\/media?parent=1848"}],"curies":[{"name":"wp","href":"https:\/\/api.w.org\/{rel}","templated":true}]}}