{"id":1071,"date":"2024-08-01T14:55:40","date_gmt":"2024-08-01T14:55:40","guid":{"rendered":"https:\/\/network-earn.org\/?page_id=1071"},"modified":"2025-01-19T16:37:48","modified_gmt":"2025-01-19T15:37:48","slug":"aktuelles","status":"publish","type":"page","link":"https:\/\/earn-network.eu\/start\/aktuelles\/","title":{"rendered":"Aktuelles"},"content":{"rendered":"        <div class=\"rttpg-block-postgrid rttpg-block-wrapper rttpg-block-1a6a19 alignwide tpg-filter-type-dropdown pagination-visibility-show meta-visibility-show section-title-style-default section-title-align-center img_hover_animation_default title-default title_position_default title_hover_border_default meta_position_default tpg-is-author-icon-default author-image-visibility-icon tpg-category-position-default readmore-btn-default-style grid-hover-overlay-type-always grid-hover-overlay-height-default hover-overlay-height-default tpg-title-border-default filter-nex-prev-btn-visible tpg-cat-style1 tpg-border-bottom-enable slider-scroll-hide act-label-style-inline\">\n            <div class=\"rt-container-fluid rt-tpg-container tpg-el-main-wrapper tpg-gutenberg clearfix grid-layout1-main\"\n                 id=\"rt-tpg-container-4111664150\"\n                 data-layout=\"grid-layout1\"\n                 data-grid-style=\"tpg-full-height\" data-sc-id=\"elementor\"\n                 data-el-settings=''\n                 data-el-query=''\n                 data-el-path=''>\n\t\t\t\t                    <div id=\"bottom-script-loader\" class=\"bottom-script-loader\">\n                        <div class=\"rt-ball-clip-rotate\">\n                            <div><\/div>\n                        <\/div>\n                    <\/div>\n\t\t\t\t\t                <div class='tpg-header-wrapper '>\n\t\t\t\t\t\n        <div class=\"tpg-widget-heading-wrapper rt-clear heading-default \">\n            <span class=\"tpg-widget-heading-line line-left\"><\/span>\n\t\t\t<h2 class='tpg-widget-heading'>\n\t\t\t            <a href=\"#\"  >\n\t\t\t\t\n\t\t\t\t                    <span>\n\t\t\t\t\t\t EARN Aktuelles\t\t\t\t\t<\/span>\n\t\t\t\t\t\n\t\t\t\t            <\/a>\n\n\t\t\t\t\t<\/h2>            <span class=\"tpg-widget-heading-line line-right\"><\/span>\n\n\t\t\t\n        <\/div>\n\n\t\t\n\t\t                <\/div>\n\n                <div class=\"rt-row rt-content-loader gutenberg-inner grid-layout1 grid-behaviour tpg-full-height grid_layout_wrapper\">\n\t\t\t\t\t\n<div class=\"rt-col-md-4 rt-col-sm-6 rt-col-xs-12 default rt-grid-item post-2728 post type-post status-publish format-standard has-post-thumbnail hentry category-deutsch tag-earn-network\"        data-id=\"2728\">\n    <div class=\"rt-holder tpg-post-holder \">\n        <div class=\"rt-detail rt-el-content-wrapper\">\n\t\t\t                <div class=\"rt-img-holder tpg-el-image-wrap has-thumbnail\">\n\t\t\t\t\t<a data-id=\"2728\" href=\"https:\/\/earn-network.eu\/start\/wenn-marken-die-offentliche-ordnung-verletzen-der-fall-la-mafia\/\" class=\"tpg-post-link\" target=\"_self\">                        <img fetchpriority=\"high\" decoding=\"async\" src=\"https:\/\/earn-network.eu\/wp-content\/uploads\/2026\/03\/spain-italy425x250.jpg\"\n                             class=\"rt-img-responsive\"\n                             width=\"425\"\n                             height=\"250\"\n                             alt=\"Markenrecht Europa\">\n\t\t\t\t\t\t\n\t\t\t\t\t\t\t\n\t\t<\/a>\n\t\t        <div class=\"overlay grid-hover-content\"><\/div>\n\t\t                <\/div>\n\t\t\t\n\t\t\t<div class=\"entry-title-wrapper\"><h3 class=\"entry-title\"><a data-id=\"2728\" href=\"https:\/\/earn-network.eu\/start\/wenn-marken-die-offentliche-ordnung-verletzen-der-fall-la-mafia\/\" class=\"tpg-post-link\" target=\"_self\">Wenn Marken die \u00f6ffentliche Ordnung verletzen: Der Fall \u201eLA MAFIA\u201c<\/a><\/h3><\/div>\n\t\t\t                <div class=\"post-meta-tags rt-el-post-meta\">\n\t\t\t\t\t            <span class='date'>\n\t\t\t\t<i class='far fa-calendar-alt '><\/i>\t\t\t\t                    <a href=\"https:\/\/earn-network.eu\/start\/2026\/03\/13\/\">\n\t\t\t\t\tM\u00e4rz 13, 2026\t\t\t\t<\/a>\n\t\t\t\t\t\t\t<\/span>\n\t\t\t                <\/div>\n\t\t\t\n\t\t\t                <div class=\"tpg-excerpt tpg-el-excerpt\">\n\t\t\t\t\t                        <div class=\"tpg-excerpt-inner\">\n\t\t\t\t\t\t\tMarkenrecht hat Grenzen: Wer organisierte Kriminalit\u00e4t verharmlost, verliert sein Monopolrecht \u2013 selbst nach 20 Jahren Nutzung und Millionenums\u00e4tzen. Der Fall \u201eLA MAFIA SE SIENTA A LA MESA\u201c zeigt, wie EuG, EUIPO und das spanische Markenamt Marken f\u00fcr nichtig erkl\u00e4ren,                        <\/div>\n\t\t\t\t\t\t\t\t\t\t                <\/div>\n\t\t\t        <div class=\"post-footer\">\n            <div class=\"post-footer\">\n                <div class=\"read-more\">\n\t\t\t\t\t<a data-id=\"2728\" href=\"https:\/\/earn-network.eu\/start\/wenn-marken-die-offentliche-ordnung-verletzen-der-fall-la-mafia\/\" class=\"tpg-post-link\" target=\"_self\">Weiterlesen<i class='left-icon fas fa-angle-right right-icon'><\/i><\/a>                <\/div>\n            <\/div>\n        <\/div>\n\t\t        <\/div>\n    <\/div>\n<\/div>\n<div class=\"rt-col-md-4 rt-col-sm-6 rt-col-xs-12 default rt-grid-item post-2698 post type-post status-publish format-standard has-post-thumbnail hentry category-deutsch\"        data-id=\"2698\">\n    <div class=\"rt-holder tpg-post-holder \">\n        <div class=\"rt-detail rt-el-content-wrapper\">\n\t\t\t                <div class=\"rt-img-holder tpg-el-image-wrap has-thumbnail\">\n\t\t\t\t\t<a data-id=\"2698\" href=\"https:\/\/earn-network.eu\/start\/eu-stellt-vorschlag-fur-european-business-wallet-vor\/\" class=\"tpg-post-link\" target=\"_self\">                        <img decoding=\"async\" src=\"https:\/\/earn-network.eu\/wp-content\/uploads\/2025\/11\/digital-wallet425x250-1.jpg\"\n                             class=\"rt-img-responsive\"\n                             width=\"425\"\n                             height=\"250\"\n                             alt=\"EU stellt Vorschlag f\u00fcr European Business Wallet vor\">\n\t\t\t\t\t\t\n\t\t\t\t\t\t\t\n\t\t<\/a>\n\t\t        <div class=\"overlay grid-hover-content\"><\/div>\n\t\t                <\/div>\n\t\t\t\n\t\t\t<div class=\"entry-title-wrapper\"><h3 class=\"entry-title\"><a data-id=\"2698\" href=\"https:\/\/earn-network.eu\/start\/eu-stellt-vorschlag-fur-european-business-wallet-vor\/\" class=\"tpg-post-link\" target=\"_self\">EU stellt Vorschlag f\u00fcr European Business Wallet vor<\/a><\/h3><\/div>\n\t\t\t                <div class=\"post-meta-tags rt-el-post-meta\">\n\t\t\t\t\t            <span class='date'>\n\t\t\t\t<i class='far fa-calendar-alt '><\/i>\t\t\t\t                    <a href=\"https:\/\/earn-network.eu\/start\/2025\/11\/25\/\">\n\t\t\t\t\tNovember 25, 2025\t\t\t\t<\/a>\n\t\t\t\t\t\t\t<\/span>\n\t\t\t                <\/div>\n\t\t\t\n\t\t\t                <div class=\"tpg-excerpt tpg-el-excerpt\">\n\t\t\t\t\t                        <div class=\"tpg-excerpt-inner\">\n\t\t\t\t\t\t\tDie Europ\u00e4ische Kommission hat am 19. November 2025 ihren Vorschlag f\u00fcr EU-Brieftaschen f\u00fcr Unternehmen mithin einheitliche European Business Wallet (EUBW) ver\u00f6ffentlicht. Ein neues EU-weites System f\u00fcr digitale Unternehmensidentit\u00e4ten und -nachweise.                        <\/div>\n\t\t\t\t\t\t\t\t\t\t                <\/div>\n\t\t\t        <div class=\"post-footer\">\n            <div class=\"post-footer\">\n                <div class=\"read-more\">\n\t\t\t\t\t<a data-id=\"2698\" href=\"https:\/\/earn-network.eu\/start\/eu-stellt-vorschlag-fur-european-business-wallet-vor\/\" class=\"tpg-post-link\" target=\"_self\">Weiterlesen<i class='left-icon fas fa-angle-right right-icon'><\/i><\/a>                <\/div>\n            <\/div>\n        <\/div>\n\t\t        <\/div>\n    <\/div>\n<\/div>\n<div class=\"rt-col-md-4 rt-col-sm-6 rt-col-xs-12 default rt-grid-item post-2644 post type-post status-publish format-standard has-post-thumbnail hentry category-deutsch\"        data-id=\"2644\">\n    <div class=\"rt-holder tpg-post-holder \">\n        <div class=\"rt-detail rt-el-content-wrapper\">\n\t\t\t                <div class=\"rt-img-holder tpg-el-image-wrap has-thumbnail\">\n\t\t\t\t\t<a data-id=\"2644\" href=\"https:\/\/earn-network.eu\/start\/earn-annual-meeting-2025-in-porto-de\/\" class=\"tpg-post-link\" target=\"_self\">                        <img decoding=\"async\" src=\"https:\/\/earn-network.eu\/wp-content\/uploads\/2025\/10\/EARN2025-1-e1760691127566.jpg\"\n                             class=\"rt-img-responsive\"\n                             width=\"580\"\n                             height=\"342\"\n                             alt=\"EARN Annual Meeting 2025 in Porto\">\n\t\t\t\t\t\t\n\t\t\t\t\t\t\t\n\t\t<\/a>\n\t\t        <div class=\"overlay grid-hover-content\"><\/div>\n\t\t                <\/div>\n\t\t\t\n\t\t\t<div class=\"entry-title-wrapper\"><h3 class=\"entry-title\"><a data-id=\"2644\" href=\"https:\/\/earn-network.eu\/start\/earn-annual-meeting-2025-in-porto-de\/\" class=\"tpg-post-link\" target=\"_self\">EARN Annual Meeting 2025 in Porto<\/a><\/h3><\/div>\n\t\t\t                <div class=\"post-meta-tags rt-el-post-meta\">\n\t\t\t\t\t            <span class='date'>\n\t\t\t\t<i class='far fa-calendar-alt '><\/i>\t\t\t\t                    <a href=\"https:\/\/earn-network.eu\/start\/2025\/10\/10\/\">\n\t\t\t\t\tOktober 10, 2025\t\t\t\t<\/a>\n\t\t\t\t\t\t\t<\/span>\n\t\t\t                <\/div>\n\t\t\t\n\t\t\t                <div class=\"tpg-excerpt tpg-el-excerpt\">\n\t\t\t\t\t                        <div class=\"tpg-excerpt-inner\">\n\t\t\t\t\t\t\tDas diesj\u00e4hrige Meeting der europ\u00e4ischen EARN Partner war einmal mehr gepr\u00e4gt von einem sehr intensiven und inspirierenden Austausch zu den politischen, \u00f6konomischen und juristischen Herausforderungen in den jeweiligen Mitgliedsstaaten und getragen vom gemeinsamen Gedanken der Weiterentwicklung                         <\/div>\n\t\t\t\t\t\t\t\t\t\t                <\/div>\n\t\t\t        <div class=\"post-footer\">\n            <div class=\"post-footer\">\n                <div class=\"read-more\">\n\t\t\t\t\t<a data-id=\"2644\" href=\"https:\/\/earn-network.eu\/start\/earn-annual-meeting-2025-in-porto-de\/\" class=\"tpg-post-link\" target=\"_self\">Weiterlesen<i class='left-icon fas fa-angle-right right-icon'><\/i><\/a>                <\/div>\n            <\/div>\n        <\/div>\n\t\t        <\/div>\n    <\/div>\n<\/div>\n<div class=\"rt-col-md-4 rt-col-sm-6 rt-col-xs-12 default rt-grid-item post-2623 post type-post status-publish format-standard has-post-thumbnail hentry category-deutsch\"        data-id=\"2623\">\n    <div class=\"rt-holder tpg-post-holder \">\n        <div class=\"rt-detail rt-el-content-wrapper\">\n\t\t\t                <div class=\"rt-img-holder tpg-el-image-wrap has-thumbnail\">\n\t\t\t\t\t<a data-id=\"2623\" href=\"https:\/\/earn-network.eu\/start\/eu-einigt-sich-auf-insolvenz-richtlinie\/\" class=\"tpg-post-link\" target=\"_self\">                        <img loading=\"lazy\" decoding=\"async\" src=\"https:\/\/earn-network.eu\/wp-content\/uploads\/2025\/05\/Europaflaggen_619X365.jpg\"\n                             class=\"rt-img-responsive\"\n                             width=\"580\"\n                             height=\"342\"\n                             alt=\"Rat der EU einigt sich auf Insolvenz Richtlinie\">\n\t\t\t\t\t\t\n\t\t\t\t\t\t\t\n\t\t<\/a>\n\t\t        <div class=\"overlay grid-hover-content\"><\/div>\n\t\t                <\/div>\n\t\t\t\n\t\t\t<div class=\"entry-title-wrapper\"><h3 class=\"entry-title\"><a data-id=\"2623\" href=\"https:\/\/earn-network.eu\/start\/eu-einigt-sich-auf-insolvenz-richtlinie\/\" class=\"tpg-post-link\" target=\"_self\">Rat der EU einigt sich auf Insolvenz Richtlinie<\/a><\/h3><\/div>\n\t\t\t                <div class=\"post-meta-tags rt-el-post-meta\">\n\t\t\t\t\t            <span class='date'>\n\t\t\t\t<i class='far fa-calendar-alt '><\/i>\t\t\t\t                    <a href=\"https:\/\/earn-network.eu\/start\/2025\/09\/24\/\">\n\t\t\t\t\tSeptember 24, 2025\t\t\t\t<\/a>\n\t\t\t\t\t\t\t<\/span>\n\t\t\t                <\/div>\n\t\t\t\n\t\t\t                <div class=\"tpg-excerpt tpg-el-excerpt\">\n\t\t\t\t\t                        <div class=\"tpg-excerpt-inner\">\n\t\t\t\t\t\t\tAm 12. Juni 2025 gab der Rat der Europ\u00e4ischen Union (der Rat) bekannt, dass er einen allgemeinen Ansatz f\u00fcr eine Richtlinie zur Harmonisierung bestimmter Aspekte des Insolvenzrechts in der EU vereinbart hat. Mit dieser Einigung kann der Rat in Verhandlungen mit dem Europ\u00e4ischen Parlament eintreten.                         <\/div>\n\t\t\t\t\t\t\t\t\t\t                <\/div>\n\t\t\t        <div class=\"post-footer\">\n            <div class=\"post-footer\">\n                <div class=\"read-more\">\n\t\t\t\t\t<a data-id=\"2623\" href=\"https:\/\/earn-network.eu\/start\/eu-einigt-sich-auf-insolvenz-richtlinie\/\" class=\"tpg-post-link\" target=\"_self\">Weiterlesen<i class='left-icon fas fa-angle-right right-icon'><\/i><\/a>                <\/div>\n            <\/div>\n        <\/div>\n\t\t        <\/div>\n    <\/div>\n<\/div>\n<div class=\"rt-col-md-4 rt-col-sm-6 rt-col-xs-12 default rt-grid-item post-2492 post type-post status-publish format-standard has-post-thumbnail hentry category-deutsch\"        data-id=\"2492\">\n    <div class=\"rt-holder tpg-post-holder \">\n        <div class=\"rt-detail rt-el-content-wrapper\">\n\t\t\t                <div class=\"rt-img-holder tpg-el-image-wrap has-thumbnail\">\n\t\t\t\t\t<a data-id=\"2492\" href=\"https:\/\/earn-network.eu\/start\/earn-netzwerk-erfolgsstory-in-grenzuberschreitendem-insolvenzfall\/\" class=\"tpg-post-link\" target=\"_self\">                        <img loading=\"lazy\" decoding=\"async\" src=\"https:\/\/earn-network.eu\/wp-content\/uploads\/2025\/05\/shutterstock_619x365-2-1.jpg\"\n                             class=\"rt-img-responsive\"\n                             width=\"580\"\n                             height=\"342\"\n                             alt=\"EARN-Netzwerk: Erfolgsstory in grenz\u00fcberschreitendem Insolvenzfall\">\n\t\t\t\t\t\t\n\t\t\t\t\t\t\t\n\t\t<\/a>\n\t\t        <div class=\"overlay grid-hover-content\"><\/div>\n\t\t                <\/div>\n\t\t\t\n\t\t\t<div class=\"entry-title-wrapper\"><h3 class=\"entry-title\"><a data-id=\"2492\" href=\"https:\/\/earn-network.eu\/start\/earn-netzwerk-erfolgsstory-in-grenzuberschreitendem-insolvenzfall\/\" class=\"tpg-post-link\" target=\"_self\">EARN-Netzwerk: Erfolgsstory in grenz\u00fcberschreitendem Insolvenzfall<\/a><\/h3><\/div>\n\t\t\t                <div class=\"post-meta-tags rt-el-post-meta\">\n\t\t\t\t\t            <span class='date'>\n\t\t\t\t<i class='far fa-calendar-alt '><\/i>\t\t\t\t                    <a href=\"https:\/\/earn-network.eu\/start\/2025\/05\/07\/\">\n\t\t\t\t\tMai 7, 2025\t\t\t\t<\/a>\n\t\t\t\t\t\t\t<\/span>\n\t\t\t                <\/div>\n\t\t\t\n\t\t\t                <div class=\"tpg-excerpt tpg-el-excerpt\">\n\t\t\t\t\t                        <div class=\"tpg-excerpt-inner\">\n\t\t\t\t\t\t\tDie \u00fcber lange Jahre erprobte Zusammenarbeit in dem von PASCHEN Rechtsanw\u00e4lte initiierten European Accounts Receivables Network EARN zahlt sich immer wieder aus, so auch ganz aktuell wieder in einem Fall, bei dem ein von PASCHEN vertretenes mittelst\u00e4ndisches Unternehmen um Unterst\u00fctzung in einem                         <\/div>\n\t\t\t\t\t\t\t\t\t\t                <\/div>\n\t\t\t        <div class=\"post-footer\">\n            <div class=\"post-footer\">\n                <div class=\"read-more\">\n\t\t\t\t\t<a data-id=\"2492\" href=\"https:\/\/earn-network.eu\/start\/earn-netzwerk-erfolgsstory-in-grenzuberschreitendem-insolvenzfall\/\" class=\"tpg-post-link\" target=\"_self\">Weiterlesen<i class='left-icon fas fa-angle-right right-icon'><\/i><\/a>                <\/div>\n            <\/div>\n        <\/div>\n\t\t        <\/div>\n    <\/div>\n<\/div>\n<div class=\"rt-col-md-4 rt-col-sm-6 rt-col-xs-12 default rt-grid-item post-2437 post type-post status-publish format-standard has-post-thumbnail hentry category-deutsch\"        data-id=\"2437\">\n    <div class=\"rt-holder tpg-post-holder \">\n        <div class=\"rt-detail rt-el-content-wrapper\">\n\t\t\t                <div class=\"rt-img-holder tpg-el-image-wrap has-thumbnail\">\n\t\t\t\t\t<a data-id=\"2437\" href=\"https:\/\/earn-network.eu\/start\/neuerungen-der-kleinunternehmerregelung-in-oesterreich-ab-2025\/\" class=\"tpg-post-link\" target=\"_self\">                        <img loading=\"lazy\" decoding=\"async\" src=\"https:\/\/earn-network.eu\/wp-content\/uploads\/2025\/03\/florist_klein-1.jpg\"\n                             class=\"rt-img-responsive\"\n                             width=\"580\"\n                             height=\"342\"\n                             alt=\"Neuerungen der Kleinunternehmerregelung in \u00d6sterreich ab 2025\">\n\t\t\t\t\t\t\n\t\t\t\t\t\t\t\n\t\t<\/a>\n\t\t        <div class=\"overlay grid-hover-content\"><\/div>\n\t\t                <\/div>\n\t\t\t\n\t\t\t<div class=\"entry-title-wrapper\"><h3 class=\"entry-title\"><a data-id=\"2437\" href=\"https:\/\/earn-network.eu\/start\/neuerungen-der-kleinunternehmerregelung-in-oesterreich-ab-2025\/\" class=\"tpg-post-link\" target=\"_self\">Neuerungen der Kleinunternehmerregelung in \u00d6sterreich ab 2025<\/a><\/h3><\/div>\n\t\t\t                <div class=\"post-meta-tags rt-el-post-meta\">\n\t\t\t\t\t            <span class='date'>\n\t\t\t\t<i class='far fa-calendar-alt '><\/i>\t\t\t\t                    <a href=\"https:\/\/earn-network.eu\/start\/2025\/03\/20\/\">\n\t\t\t\t\tM\u00e4rz 20, 2025\t\t\t\t<\/a>\n\t\t\t\t\t\t\t<\/span>\n\t\t\t                <\/div>\n\t\t\t\n\t\t\t                <div class=\"tpg-excerpt tpg-el-excerpt\">\n\t\t\t\t\t                        <div class=\"tpg-excerpt-inner\">\n\t\t\t\t\t\t\tMit Inkrafttreten zum 1. Januar 2025 wurden in \u00d6sterreich wesentliche \u00c4nderungen der Kleinunternehmerregelung vorgenommen, von der insbesondere Selbst\u00e4ndige sowie kleine Unternehmen profitieren. Ziel dieser Reform ist die Vereinfachung der steuerlichen Rahmenbedingungen sowie die St\u00e4rkung des                         <\/div>\n\t\t\t\t\t\t\t\t\t\t                <\/div>\n\t\t\t        <div class=\"post-footer\">\n            <div class=\"post-footer\">\n                <div class=\"read-more\">\n\t\t\t\t\t<a data-id=\"2437\" href=\"https:\/\/earn-network.eu\/start\/neuerungen-der-kleinunternehmerregelung-in-oesterreich-ab-2025\/\" class=\"tpg-post-link\" target=\"_self\">Weiterlesen<i class='left-icon fas fa-angle-right right-icon'><\/i><\/a>                <\/div>\n            <\/div>\n        <\/div>\n\t\t        <\/div>\n    <\/div>\n<\/div>                <\/div>\n\n\t\t\t\t<div class='rt-pagination-wrap' data-total-pages='5' data-posts-per-page='6' data-type='pagination'><div class=\"rt-pagination\"><ul class=\"pagination-list\"><li class=\"active\"><span>1<\/span><\/li><li><a data-paged='2' href='https:\/\/earn-network.eu\/start\/wp-json\/wp\/v2\/pages\/1071\/page\/2\/'>2<\/a><\/li><li><a data-paged='3' href='https:\/\/earn-network.eu\/start\/wp-json\/wp\/v2\/pages\/1071\/page\/3\/'>3<\/a><\/li><li><a data-paged='4' href='https:\/\/earn-network.eu\/start\/wp-json\/wp\/v2\/pages\/1071\/page\/4\/'>4<\/a><\/li><li><a data-paged='5' href='https:\/\/earn-network.eu\/start\/wp-json\/wp\/v2\/pages\/1071\/page\/5\/'>5<\/a><\/li><\/ul><\/div><\/div>\n            <\/div>\n        <\/div>\n\t\t","protected":false},"excerpt":{"rendered":"","protected":false},"author":1,"featured_media":0,"parent":0,"menu_order":0,"comment_status":"closed","ping_status":"closed","template":"templates\/template-full-width.php","meta":{"footnotes":""},"class_list":["post-1071","page","type-page","status-publish","hentry"],"rttpg_featured_image_url":null,"rttpg_author":{"display_name":"admin","author_link":"https:\/\/earn-network.eu\/start\/author\/admin\/"},"rttpg_comment":0,"rttpg_category":" <a href=\"https:\/\/earn-network.eu\/start\/de\/\" rel=\"tag\">Deutsch<\/a>","rttpg_excerpt":null,"_links":{"self":[{"href":"https:\/\/earn-network.eu\/start\/wp-json\/wp\/v2\/pages\/1071","targetHints":{"allow":["GET"]}}],"collection":[{"href":"https:\/\/earn-network.eu\/start\/wp-json\/wp\/v2\/pages"}],"about":[{"href":"https:\/\/earn-network.eu\/start\/wp-json\/wp\/v2\/types\/page"}],"author":[{"embeddable":true,"href":"https:\/\/earn-network.eu\/start\/wp-json\/wp\/v2\/users\/1"}],"replies":[{"embeddable":true,"href":"https:\/\/earn-network.eu\/start\/wp-json\/wp\/v2\/comments?post=1071"}],"version-history":[{"count":0,"href":"https:\/\/earn-network.eu\/start\/wp-json\/wp\/v2\/pages\/1071\/revisions"}],"wp:attachment":[{"href":"https:\/\/earn-network.eu\/start\/wp-json\/wp\/v2\/media?parent=1071"}],"curies":[{"name":"wp","href":"https:\/\/api.w.org\/{rel}","templated":true}]}}